{"id":7841,"date":"2025-04-23T20:47:38","date_gmt":"2025-04-23T18:47:38","guid":{"rendered":"https:\/\/linkmarkt.eu\/product\/syrenka-zamek-przenosne-pudelko-do-makijazu-organizator-na-przybory-do-makijazu-dla-dziewczynek-kosmetyki-bizuteria-organizator-na-przybory-do-makijazu\/"},"modified":"2025-04-24T15:52:52","modified_gmt":"2025-04-24T13:52:52","slug":"syrenka-zamek-przenosne-pudelko-do-makijazu-organizator-na-przybory-do-makijazu-dla-dziewczynek-kosmetyki-bizuteria-organizator-na-przybory-do-makijazu","status":"publish","type":"product","link":"https:\/\/linkmarkt.eu\/pl\/product\/syrenka-zamek-przenosne-pudelko-do-makijazu-organizator-na-przybory-do-makijazu-dla-dziewczynek-kosmetyki-bizuteria-organizator-na-przybory-do-makijazu\/","title":{"rendered":"Syrenka zamek przeno\u015bne pude\u0142ko do makija\u017cu organizator na przybory do makija\u017cu dla dziewczynek kosmetyki bi\u017cuteria organizator na przybory do makija\u017cu"},"content":{"rendered":"<p>&nbsp;<\/p>\n<p>&nbsp;<\/p>\n<p><img decoding=\"async\" title=\"Portable Makeup Box Lock Mermaid Alloy Cosmetic Case with 4 Trays Girl's Jewelry Nail Hair Accessory Storage Organizer Suitcase\" src=\"\/\/ae01.alicdn.com\/kf\/Sccd20be389c14a0894c7b9386ec8f85fv.jpg\" alt=\"Portable Makeup Box Lock Mermaid Alloy Cosmetic Case with 4 Trays Girl's Jewelry Nail Hair Accessory Storage Organizer Suitcase\" \/><\/p>\n<p>&nbsp;<\/p>\n<p>Wodoodporna konstrukcja zewn\u0119trzna-gotowa na ka\u017cd\u0105 pogod\u0119!<br \/>\nZewn\u0119trzna pow\u0142oka tego kosmetycznego Etui wykonana jest z wysokiej jako\u015bci materia\u0142u PVC &#8211; lekkiego, wodoodpornego i odpornego na \u015bcieranie. Idealny do podr\u00f3\u017cy w deszczow\u0105 pogod\u0119: dzi\u0119ki sprytnej konstrukcji przeciwosmotycznej wilgo\u0107 i krople s\u0105 tutaj wykluczone.<\/p>\n<p>Niesamowita miska z efektem gry kolor\u00f3w<br \/>\nKolorowy design walizki tworzy naprawd\u0119 osza\u0142amiaj\u0105ce chwile-powierzchnia mieni si\u0119 r\u00f3\u017cnymi kolorami w zale\u017cno\u015bci od o\u015bwietlenia. Prawdziwe arcydzie\u0142o i niezb\u0119dny dodatek dla wszystkich mi\u0142o\u015bnik\u00f3w stylowego pi\u0119kna!<\/p>\n<p><img fetchpriority=\"high\" decoding=\"async\" class=\"alignnone\" title=\"Portable Makeup Box Lock Mermaid Alloy Cosmetic Case with 4 Trays Girl's Jewelry Nail Hair Accessory Storage Organizer Suitcase\" src=\"\/\/ae01.alicdn.com\/kf\/S99aee9a745ed44f8a5e5b7fc6ab6169a4.jpg\" alt=\"Tragbarer Kosmetikkoffer mit sicherem Schloss und eleganter Optik\" width=\"1600\" height=\"1600\" \/><\/p>\n<p>\u2728<\/p>\n<p>Z\u0142ota Kosmetyczka-jednocze\u015bnie stylowa i praktyczna<br \/>\nTa stylowa Kosmetyczka wykonana z klasycznego z\u0142ota \u0142\u0105czy w sobie elegancj\u0119 i funkcjonalno\u015b\u0107. Genialny design idealnie pasuje do twojego stylowego stylu, a jednocze\u015bnie jest bardzo przyjazny w podr\u00f3\u017cy.<\/p>\n<p>Niezale\u017cnie od tego, czy chodzi o kosmetyki, bi\u017cuteri\u0119 czy drobne artyku\u0142y pierwszej potrzeby, Tw\u00f3j nowy ulubiony z\u0142oty towarzysz!<\/p>\n<p>&nbsp;<\/p>\n<p><img decoding=\"async\" title=\"Portable Makeup Box Lock Mermaid Alloy Cosmetic Case with 4 Trays Girl's Jewelry Nail Hair Accessory Storage Organizer Suitcase\" src=\"\/\/ae01.alicdn.com\/kf\/Sf96203d8f13a49f482d9169bdfb4667bO.jpg\" alt=\"Portable Makeup Box Lock Mermaid Alloy Cosmetic Case with 4 Trays Girl's Jewelry Nail Hair Accessory Storage Organizer Suitcase\" width=\"1600\" height=\"1600\" \/>4 przedzia\u0142y Syrenka zamek przeno\u015bne pude\u0142ko do makija\u017cu \/ pude\u0142ko na kosmetyki dla dziewczynek-Bi\u017cuteria, Akcesoria do paznokci i w\u0142os\u00f3w<\/p>\n<p>&nbsp;<\/p>\n<p>4 d\u0142ugie schowki-uporz\u0105dkowane z systemem<\/p>\n<p>Dzi\u0119ki 4 wysuwanym tacom mo\u017cesz wygodnie sortowa\u0107 i przechowywa\u0107 kosmetyki, bi\u017cuteri\u0119, produkty do piel\u0119gnacji paznokci, materia\u0142y rzemie\u015blnicze i wiele innych drobiazg\u00f3w. Wszystko ma swoje miejsce-schludnie i pod r\u0119k\u0105 w profesjonalnym organizerze kosmetycznym.<\/p>\n<p><img decoding=\"async\" class=\"alignnone\" title=\"Portable Makeup Box Lock Mermaid Alloy Cosmetic Case with 4 Trays Girl's Jewelry Nail Hair Accessory Storage Organizer Suitcase\" src=\"\/\/ae01.alicdn.com\/kf\/S6232cb65a38546dfa322b82099aa3eb7y.jpg\" alt=\"PSchminkkoffer im Meerjungfrau-Design mit 4 F\u00e4chern und Schloss\" width=\"960\" height=\"1200\" \/><\/p>\n<p>Kosmetyczka wykonana jest z materia\u0142u PVC, a ca\u0142a obudowa jest wodoodporna i odporna na wilgo\u0107, co zapewnia dobr\u0105 ochron\u0119 drogich rzeczy.<\/p>\n<p><img loading=\"lazy\" decoding=\"async\" class=\"alignnone\" title=\"Portable Makeup Box Lock Mermaid Alloy Cosmetic Case with 4 Trays Girl's Jewelry Nail Hair Accessory Storage Organizer Suitcase\" src=\"\/\/ae01.alicdn.com\/kf\/S0ee2711791264b1c894e328268fec6a7h.jpg\" alt=\"Organizer-Koffer f\u00fcr M\u00e4dchen \u2013 ideal f\u00fcr Reisen und Zuhause\" width=\"970\" height=\"600\" \/><img decoding=\"async\" title=\"Portable Makeup Box Lock Mermaid Alloy Cosmetic Case with 4 Trays Girl's Jewelry Nail Hair Accessory Storage Organizer Suitcase\" src=\"\/\/ae01.alicdn.com\/kf\/S8f26e0751ff24fc9b3c9967cb56539d2S.jpg\" alt=\"Portable Makeup Box Lock Mermaid Alloy Cosmetic Case with 4 Trays Girl's Jewelry Nail Hair Accessory Storage Organizer Suitcase\" \/><\/p>\n<p>&nbsp;<\/p>\n<p>U\u017cyj w wielu scenach: mo\u017ce by\u0107 u\u017cywany przez ekspert\u00f3w od urody do u\u017cytku domowego, podr\u00f3\u017cniczego, prezentowego i komercyjnego. Profesjonalny organizer do makija\u017cu jest \u0142atwy w u\u017cyciu.<\/p>\n<p>&nbsp;<\/p>\n<p><img loading=\"lazy\" decoding=\"async\" class=\"alignnone\" title=\"Portable Makeup Box Lock Mermaid Alloy Cosmetic Case with 4 Trays Girl's Jewelry Nail Hair Accessory Storage Organizer Suitcase\" src=\"\/\/ae01.alicdn.com\/kf\/Sc6d424e2f7b84d6997f5b72e76e00fb7t.jpg\" alt=\"Innenansicht des Kosmetikkoffers mit mehreren Aufbewahrungsf\u00e4chern\" width=\"1500\" height=\"1500\" \/><\/p>\n<p class=\"\" data-start=\"94\" data-end=\"237\">\ud83d\udd12<\/p>\n<p>Wi\u0119cej prywatno\u015bci:<br \/>\nZamykana Kosmetyczka zapewnia wi\u0119ksz\u0105 prywatno\u015b\u0107 i poczucie bezpiecze\u0144stwa, szczeg\u00f3lnie podczas d\u0142ugich podr\u00f3\u017cy.<\/p>\n<p>Stylowy design:<br \/>\nTen futera\u0142 do makija\u017cu jest r\u00f3wnie\u017c \u015bwietnym prezentem dla Twojego partnera lub dzieci \u2013 prezentem pe\u0142nym znaczenia i stylu.<\/p>\n<p>Wysokiej jako\u015bci aluminiowa obudowa:<br \/>\nWykonane z wytrzyma\u0142ego stopu Aluminium &#8211; odporne na zarysowania, wodoodporne i \u0142atwe do czyszczenia-dla d\u0142ugotrwa\u0142ej jako\u015bci.<\/p>\n<p>Mi\u0119kki bawe\u0142niany uchwyt:<br \/>\nErgonomiczna konstrukcja z r\u00f3wnomiernym roz\u0142o\u017ceniem si\u0142y zapewnia wygodne i bezpieczne trzymanie podczas przenoszenia.<\/p>\n<p><img decoding=\"async\" title=\"Portable Makeup Box Lock Mermaid Alloy Cosmetic Case with 4 Trays Girl's Jewelry Nail Hair Accessory Storage Organizer Suitcase\" src=\"\/\/ae01.alicdn.com\/kf\/S09b93baa664e4db988c325868f83fe55U.jpg\" alt=\"Portable Makeup Box Lock Mermaid Alloy Cosmetic Case with 4 Trays Girl's Jewelry Nail Hair Accessory Storage Organizer Suitcase\" \/><\/p>\n<p>&nbsp;<\/p>\n<h3 class=\"\" data-start=\"148\" data-end=\"186\">\ud83d\udccf<\/h3>\n<p>Uwaga dotycz\u0105ca rozmiaru:<\/p>\n<p>Nasze produkty s\u0105 mierzone r\u0119cznie, wi\u0119c mog\u0105 wyst\u0119powa\u0107 odchylenia 1-2 cm. Prosz\u0119 wzi\u0105\u0107 to pod uwag\u0119 przed zakupem!<\/p>\n<p>&nbsp;<\/p>\n","protected":false},"excerpt":{"rendered":"<p>&nbsp; &nbsp; &nbsp; Wodoodporna konstrukcja zewn\u0119trzna-gotowa na ka\u017cd\u0105 pogod\u0119! Zewn\u0119trzna pow\u0142oka tego kosmetycznego Etui wykonana jest z wysokiej jako\u015bci materia\u0142u PVC &#8211; lekkiego, wodoodpornego i odpornego na \u015bcieranie. Idealny do podr\u00f3\u017cy w deszczow\u0105 pogod\u0119: dzi\u0119ki sprytnej konstrukcji przeciwosmotycznej wilgo\u0107 i krople s\u0105 tutaj wykluczone. Niesamowita miska z efektem gry kolor\u00f3w Kolorowy design walizki tworzy naprawd\u0119 [&hellip;]<\/p>\n","protected":false},"featured_media":7802,"comment_status":"open","ping_status":"closed","template":"","meta":{"_seopress_robots_primary_cat":"none","_seopress_titles_title":"Przeno\u015bna kosmetyczka z zamkiem i 4 przegr\u00f3dkami - projekt syreny","_seopress_titles_desc":"Wodoodporny Futera\u0142 Do Makija\u017cu Z Zamkiem, 4 przegr\u00f3dkami i b\u0142yszcz\u0105cym wygl\u0105dem syreny. Idealny do makija\u017cu, bi\u017cuterii i podr\u00f3\u017cy. Odkryj teraz!","_seopress_robots_index":"","googlesitekit_rrm_CAowz76iDA:productID":""},"product_brand":[],"product_cat":[292],"product_tag":[],"class_list":{"0":"post-7841","1":"product","2":"type-product","3":"status-publish","4":"has-post-thumbnail","6":"product_cat-store-packages","8":"first","9":"instock","10":"sale","11":"sold-individually","12":"purchasable","13":"product-type-variable"},"_links":{"self":[{"href":"https:\/\/linkmarkt.eu\/pl\/wp-json\/wp\/v2\/product\/7841","targetHints":{"allow":["GET"]}}],"collection":[{"href":"https:\/\/linkmarkt.eu\/pl\/wp-json\/wp\/v2\/product"}],"about":[{"href":"https:\/\/linkmarkt.eu\/pl\/wp-json\/wp\/v2\/types\/product"}],"replies":[{"embeddable":true,"href":"https:\/\/linkmarkt.eu\/pl\/wp-json\/wp\/v2\/comments?post=7841"}],"version-history":[{"count":1,"href":"https:\/\/linkmarkt.eu\/pl\/wp-json\/wp\/v2\/product\/7841\/revisions"}],"predecessor-version":[{"id":7852,"href":"https:\/\/linkmarkt.eu\/pl\/wp-json\/wp\/v2\/product\/7841\/revisions\/7852"}],"wp:featuredmedia":[{"embeddable":true,"href":"https:\/\/linkmarkt.eu\/pl\/wp-json\/wp\/v2\/media\/7802"}],"wp:attachment":[{"href":"https:\/\/linkmarkt.eu\/pl\/wp-json\/wp\/v2\/media?parent=7841"}],"wp:term":[{"taxonomy":"product_brand","embeddable":true,"href":"https:\/\/linkmarkt.eu\/pl\/wp-json\/wp\/v2\/product_brand?post=7841"},{"taxonomy":"product_cat","embeddable":true,"href":"https:\/\/linkmarkt.eu\/pl\/wp-json\/wp\/v2\/product_cat?post=7841"},{"taxonomy":"product_tag","embeddable":true,"href":"https:\/\/linkmarkt.eu\/pl\/wp-json\/wp\/v2\/product_tag?post=7841"}],"curies":[{"name":"wp","href":"https:\/\/api.w.org\/{rel}","templated":true}]}}