{"id":7908,"date":"2025-04-24T22:35:59","date_gmt":"2025-04-24T20:35:59","guid":{"rendered":"https:\/\/linkmarkt.eu\/product\/bezprzewodowa-lampa-led-z-sensorem-dotykowym-3-kolory-swiatla-ladowalna-nowoczesny-design\/"},"modified":"2025-04-25T16:50:48","modified_gmt":"2025-04-25T14:50:48","slug":"bezprzewodowa-lampa-led-z-sensorem-dotykowym-3-kolory-swiatla-ladowalna-nowoczesny-design","status":"publish","type":"product","link":"https:\/\/linkmarkt.eu\/pl\/product\/bezprzewodowa-lampa-led-z-sensorem-dotykowym-3-kolory-swiatla-ladowalna-nowoczesny-design\/","title":{"rendered":"Bezprzewodowa lampa LED z sensorem dotykowym \u2013 3 kolory \u015bwiat\u0142a, \u0142adowalna, nowoczesny design"},"content":{"rendered":"<h2 data-start=\"2603\" data-end=\"2637\"><\/h2>\n<p class=\"\" data-start=\"83\" data-end=\"321\"><strong data-start=\"83\" data-end=\"127\">Klasyczna lampa LED z sensorem dotykowym<\/strong> \u2013 nowoczesna, stylowa i ca\u0142kowicie bezprzewodowa. Wysokiej jako\u015bci aluminiowa obudowa jest odporna na rdz\u0119 i wyj\u0105tkowo trwa\u0142a. Idealna do restauracji, kawiarni lub jako lampka nocna w sypialni.<\/p>\n<p class=\"\" data-start=\"323\" data-end=\"679\">\u2714\ufe0f <strong data-start=\"326\" data-end=\"346\">3 kolory \u015bwiat\u0142a<\/strong> \u2013 ciep\u0142y bia\u0142y, neutralny bia\u0142y, zimny bia\u0142y<br data-start=\"391\" data-end=\"394\" \/>\u2714\ufe0f <strong data-start=\"397\" data-end=\"427\">Proste sterowanie dotykowe<\/strong> \u2013 zmiana \u015bwiat\u0142a jednym dotkni\u0119ciem<br data-start=\"463\" data-end=\"466\" \/>\u2714\ufe0f <strong data-start=\"469\" data-end=\"487\">Akumulator USB<\/strong> \u2013 czas \u0142adowania ok. 3\u20134 godziny, czas \u015bwiecenia 6\u20138 godzin<br data-start=\"547\" data-end=\"550\" \/>\u2714\ufe0f <strong data-start=\"553\" data-end=\"575\">Wska\u017anik \u0142adowania<\/strong> \u2013 czerwony = \u0142adowanie, zielony = na\u0142adowana<br data-start=\"620\" data-end=\"623\" data-is-only-node=\"\" \/>\u2714\ufe0f <strong data-start=\"626\" data-end=\"649\">Przytulna atmosfera<\/strong> \u2013 idealna na kolacje i relaks<\/p>\n<p class=\"\" data-start=\"681\" data-end=\"758\"><strong data-start=\"681\" data-end=\"703\">Zawarto\u015b\u0107 zestawu:<\/strong><br data-start=\"703\" data-end=\"706\" \/>\u2013 1x lampa sto\u0142owa LED<br data-start=\"728\" data-end=\"731\" \/>\u2013 1x kabel do \u0142adowania USB<\/p>\n<hr class=\"\" data-start=\"760\" data-end=\"763\" \/>\n<p class=\"\" data-start=\"765\" data-end=\"812\">\u2705 <strong data-start=\"767\" data-end=\"812\">Najwa\u017cniejsze cechy \u2013 Wypunktowanie (PL):<\/strong><\/p>\n<ul data-start=\"814\" data-end=\"1081\">\n<li class=\"\" data-start=\"814\" data-end=\"868\">\n<p class=\"\" data-start=\"816\" data-end=\"868\"><strong data-start=\"816\" data-end=\"839\">Materia\u0142 aluminiowy<\/strong> \u2013 trwa\u0142y i odporny na rdz\u0119<\/p>\n<\/li>\n<li class=\"\" data-start=\"869\" data-end=\"938\">\n<p class=\"\" data-start=\"871\" data-end=\"938\"><strong data-start=\"871\" data-end=\"893\">Wska\u017anik \u0142adowania<\/strong> \u2013 czerwony: \u0142adowanie, zielony: na\u0142adowana<\/p>\n<\/li>\n<li class=\"\" data-start=\"939\" data-end=\"988\">\n<p class=\"\" data-start=\"941\" data-end=\"988\"><strong data-start=\"941\" data-end=\"964\">Sterowanie dotykowe<\/strong> \u2013 proste i intuicyjne<\/p>\n<\/li>\n<li class=\"\" data-start=\"989\" data-end=\"1044\">\n<p class=\"\" data-start=\"991\" data-end=\"1044\"><strong data-start=\"991\" data-end=\"1004\">Atmosfera<\/strong> \u2013 idealne \u015bwiat\u0142o na wsp\u00f3lne wieczory<\/p>\n<\/li>\n<li class=\"\" data-start=\"1045\" data-end=\"1081\">\n<p class=\"\" data-start=\"1047\" data-end=\"1081\"><strong data-start=\"1047\" data-end=\"1061\">W zestawie<\/strong> \u2013 lampa + kabel USB<\/p>\n<\/li>\n<\/ul>\n<p align=\"start\"><img fetchpriority=\"high\" decoding=\"async\" class=\"alignnone\" title=\"Classic Touch Sensor LED Table Lamp Rechargeable Cordless Desk Lamp 3 Color Adjustable Temperatures Modern Style LED Night Light\" src=\"\/\/ae01.alicdn.com\/kf\/Sec2c2bf79a4e49818505cf2cd650cca5O.jpg\" alt=\"Nowoczesna Lampa biurkowa LED z czujnikiem dotykowym-Srebrna\" width=\"1500\" height=\"1500\" \/><img decoding=\"async\" class=\"alignnone\" title=\"Classic Touch Sensor LED Table Lamp Rechargeable Cordless Desk Lamp 3 Color Adjustable Temperatures Modern Style LED Night Light\" src=\"\/\/ae01.alicdn.com\/kf\/S13e6ecf71697420fac7a3b64fea9b9d0S.jpg\" alt=\"Bezprzewodowa Lampa biurkowa LED z czujnikiem dotykowym-akumulator, 3 kolory \u015bwiat\u0142a, nowoczesny design\" width=\"1500\" height=\"1500\" \/><img decoding=\"async\" class=\"alignnone\" title=\"Classic Touch Sensor LED Table Lamp Rechargeable Cordless Desk Lamp 3 Color Adjustable Temperatures Modern Style LED Night Light\" src=\"\/\/ae01.alicdn.com\/kf\/Sb8c2f2dc8dd94be9aef9bb932d23c943B.jpg\" alt=\"Nowoczesna Aluminiowa Bezprzewodowa Lampa Sto\u0142owa LED - 3 temperatura barwowa i sterowanie dotykowe, idealna do salonu i restauracji\" width=\"1500\" height=\"1500\" \/><img loading=\"lazy\" decoding=\"async\" class=\"alignnone\" title=\"Classic Touch Sensor LED Table Lamp Rechargeable Cordless Desk Lamp 3 Color Adjustable Temperatures Modern Style LED Night Light\" src=\"\/\/ae01.alicdn.com\/kf\/S278515b48e1a4d32889d30c7cc77bf563.jpg\" alt=\"Elegancka lampa biurkowa LED z mo\u017cliwo\u015bci\u0105 przyciemniania-bezprzewodowa i \u0142adowalna, idealna na stolik nocny lub na przytulne wieczory\" width=\"1500\" height=\"1500\" \/><img loading=\"lazy\" decoding=\"async\" class=\"alignnone\" title=\"Classic Touch Sensor LED Table Lamp Rechargeable Cordless Desk Lamp 3 Color Adjustable Temperatures Modern Style LED Night Light\" src=\"\/\/ae01.alicdn.com\/kf\/S29765fb2cfa94b94b50b0952cc1713d0z.jpg\" alt=\"Klassische Touch Sensor LED Tischleuchte Wiederaufladbare kabellose Schreibtischlampe 3 Farben einstellbare Temperaturen Modernes LED-Nachtlicht\" width=\"1500\" height=\"1500\" \/><img loading=\"lazy\" decoding=\"async\" class=\"alignnone\" title=\"Classic Touch Sensor LED Table Lamp Rechargeable Cordless Desk Lamp 3 Color Adjustable Temperatures Modern Style LED Night Light\" src=\"\/\/ae01.alicdn.com\/kf\/Sd402ca748b70406b91d0a12fd9499388D.jpg\" alt=\"USB-Ladekabel angeschlossen an LED-Tischlampe \u2013 wiederaufladbar und mobil\" width=\"1500\" height=\"1915\" \/><img decoding=\"async\" title=\"Classic Touch Sensor LED Table Lamp Rechargeable Cordless Desk Lamp 3 Color Adjustable Temperatures Modern Style LED Night Light\" src=\"\/\/ae01.alicdn.com\/kf\/S5deb0e22b3374b7d8c0bc64c97458b15c.jpg\" alt=\"Classic Touch Sensor LED Table Lamp Rechargeable Cordless Desk Lamp 3 Color Adjustable Temperatures Modern Style LED Night Light\" \/><img loading=\"lazy\" decoding=\"async\" class=\"alignnone\" title=\"Classic Touch Sensor LED Table Lamp Rechargeable Cordless Desk Lamp 3 Color Adjustable Temperatures Modern Style LED Night Light\" src=\"\/\/ae01.alicdn.com\/kf\/Sfd327575c9f744b1a78deafa5e0de95eQ.jpg\" alt=\"Detailansicht: Aluminium-Geh\u00e4use und Touch-Bedienfl\u00e4che der LED-Lampe\" width=\"1500\" height=\"1500\" \/><img loading=\"lazy\" decoding=\"async\" class=\"alignnone\" title=\"Classic Touch Sensor LED Table Lamp Rechargeable Cordless Desk Lamp 3 Color Adjustable Temperatures Modern Style LED Night Light\" src=\"\/\/ae01.alicdn.com\/kf\/S7666d22d99ba4f1994f6524c275363f1p.jpg\" alt=\"Nachttischlampe mit 3 dimmbaren Lichtfarben \u2013 platzsparend und kabellos\" width=\"1500\" height=\"928\" \/><img loading=\"lazy\" decoding=\"async\" class=\"alignnone\" title=\"Classic Touch Sensor LED Table Lamp Rechargeable Cordless Desk Lamp 3 Color Adjustable Temperatures Modern Style LED Night Light\" src=\"\/\/ae01.alicdn.com\/kf\/S40fceaefc59c49939115d8c0a734ff9eh.jpg\" alt=\"Klassische Touch Sensor LED Tischleuchte Wiederaufladbare kabellose Schreibtischlampe 3 Farben einstellbare Temperaturen Modernes LED-Nachtlicht\" width=\"1500\" height=\"928\" \/><img decoding=\"async\" title=\"Classic Touch Sensor LED Table Lamp Rechargeable Cordless Desk Lamp 3 Color Adjustable Temperatures Modern Style LED Night Light\" src=\"\/\/ae01.alicdn.com\/kf\/S053edf64b8c749bc8e961aac47630327W.jpg\" alt=\"Classic Touch Sensor LED Table Lamp Rechargeable Cordless Desk Lamp 3 Color Adjustable Temperatures Modern Style LED Night Light\" \/><img decoding=\"async\" title=\"Classic Touch Sensor LED Table Lamp Rechargeable Cordless Desk Lamp 3 Color Adjustable Temperatures Modern Style LED Night Light\" src=\"\/\/ae01.alicdn.com\/kf\/Sb1d2aa5989f743b9ac1b768afde09163k.jpg\" alt=\"Classic Touch Sensor LED Table Lamp Rechargeable Cordless Desk Lamp 3 Color Adjustable Temperatures Modern Style LED Night Light\" \/><img decoding=\"async\" title=\"Classic Touch Sensor LED Table Lamp Rechargeable Cordless Desk Lamp 3 Color Adjustable Temperatures Modern Style LED Night Light\" src=\"\/\/ae01.alicdn.com\/kf\/S426401d88f254415a61f4596732e5cf9V.jpg\" alt=\"Classic Touch Sensor LED Table Lamp Rechargeable Cordless Desk Lamp 3 Color Adjustable Temperatures Modern Style LED Night Light\" \/><\/p>\n","protected":false},"excerpt":{"rendered":"<p>Klasyczna lampa LED z sensorem dotykowym \u2013 nowoczesna, stylowa i ca\u0142kowicie bezprzewodowa. Wysokiej jako\u015bci aluminiowa obudowa jest odporna na rdz\u0119 i wyj\u0105tkowo trwa\u0142a. Idealna do restauracji, kawiarni lub jako lampka nocna w sypialni. \u2714\ufe0f 3 kolory \u015bwiat\u0142a \u2013 ciep\u0142y bia\u0142y, neutralny bia\u0142y, zimny bia\u0142y\u2714\ufe0f Proste sterowanie dotykowe \u2013 zmiana \u015bwiat\u0142a jednym dotkni\u0119ciem\u2714\ufe0f Akumulator USB \u2013 [&hellip;]<\/p>\n","protected":false},"featured_media":7902,"comment_status":"open","ping_status":"closed","template":"","meta":{"_seopress_robots_primary_cat":"none","_seopress_titles_title":"Akumulatorowa lampa biurkowa LED - 3 kolory i dotyk","_seopress_titles_desc":"Bezprzewodowa Lampa biurkowa LED Z Ekranem Dotykowym, 3 kolory i aluminium. Idealny do domu i restauracji-stylowy i praktyczny.","_seopress_robots_index":"","googlesitekit_rrm_CAowz76iDA:productID":""},"product_brand":[],"product_cat":[292],"product_tag":[],"class_list":{"0":"post-7908","1":"product","2":"type-product","3":"status-publish","4":"has-post-thumbnail","6":"product_cat-store-packages","8":"first","9":"instock","10":"sale","11":"purchasable","12":"product-type-variable"},"_links":{"self":[{"href":"https:\/\/linkmarkt.eu\/pl\/wp-json\/wp\/v2\/product\/7908","targetHints":{"allow":["GET"]}}],"collection":[{"href":"https:\/\/linkmarkt.eu\/pl\/wp-json\/wp\/v2\/product"}],"about":[{"href":"https:\/\/linkmarkt.eu\/pl\/wp-json\/wp\/v2\/types\/product"}],"replies":[{"embeddable":true,"href":"https:\/\/linkmarkt.eu\/pl\/wp-json\/wp\/v2\/comments?post=7908"}],"version-history":[{"count":1,"href":"https:\/\/linkmarkt.eu\/pl\/wp-json\/wp\/v2\/product\/7908\/revisions"}],"predecessor-version":[{"id":7912,"href":"https:\/\/linkmarkt.eu\/pl\/wp-json\/wp\/v2\/product\/7908\/revisions\/7912"}],"wp:featuredmedia":[{"embeddable":true,"href":"https:\/\/linkmarkt.eu\/pl\/wp-json\/wp\/v2\/media\/7902"}],"wp:attachment":[{"href":"https:\/\/linkmarkt.eu\/pl\/wp-json\/wp\/v2\/media?parent=7908"}],"wp:term":[{"taxonomy":"product_brand","embeddable":true,"href":"https:\/\/linkmarkt.eu\/pl\/wp-json\/wp\/v2\/product_brand?post=7908"},{"taxonomy":"product_cat","embeddable":true,"href":"https:\/\/linkmarkt.eu\/pl\/wp-json\/wp\/v2\/product_cat?post=7908"},{"taxonomy":"product_tag","embeddable":true,"href":"https:\/\/linkmarkt.eu\/pl\/wp-json\/wp\/v2\/product_tag?post=7908"}],"curies":[{"name":"wp","href":"https:\/\/api.w.org\/{rel}","templated":true}]}}