{"id":8861,"date":"2025-04-25T20:40:52","date_gmt":"2025-04-25T18:40:52","guid":{"rendered":"https:\/\/linkmarkt.eu\/product\/damska-koszulka-kolarska-wosawe-lekka-oddychajaca-i-odblaskowa-2\/"},"modified":"2025-04-26T22:22:58","modified_gmt":"2025-04-26T20:22:58","slug":"damska-koszulka-kolarska-wosawe-lekka-oddychajaca-i-odblaskowa-2","status":"publish","type":"product","link":"https:\/\/linkmarkt.eu\/pl\/product\/damska-koszulka-kolarska-wosawe-lekka-oddychajaca-i-odblaskowa-2\/","title":{"rendered":"Damska Koszulka Kolarska WOSAWE \u2013 Lekka, Oddychaj\u0105ca i Odblaskowa"},"content":{"rendered":"<p class=\"\" data-start=\"2357\" data-end=\"2668\">Poczuj pe\u0142en komfort i bezpiecze\u0144stwo z damsk\u0105 koszulk\u0105 kolarsk\u0105 WOSAWE!<br data-start=\"2429\" data-end=\"2432\" \/>Elastyczna, oddychaj\u0105ca tkanina siateczkowa zapewnia szybkie schni\u0119cie, odprowadzanie wilgoci i lepsz\u0105 widoczno\u015b\u0107 dzi\u0119ki elementom odblaskowym. Idealna do jazdy na rowerze, motocyklu, biegania, w\u0119dr\u00f3wek i innych aktywno\u015bci outdoorowych.<\/p>\n<p class=\"\" data-start=\"2670\" data-end=\"2689\"><strong data-start=\"2670\" data-end=\"2689\">Cechy produktu:<\/strong><\/p>\n<ul data-start=\"2690\" data-end=\"2989\">\n<li class=\"\" data-start=\"2690\" data-end=\"2731\">\n<p class=\"\" data-start=\"2692\" data-end=\"2731\">Odblaskowe logo dla lepszej widoczno\u015bci<\/p>\n<\/li>\n<li class=\"\" data-start=\"2732\" data-end=\"2780\">\n<p class=\"\" data-start=\"2734\" data-end=\"2780\">Materia\u0142 odprowadzaj\u0105cy wilgo\u0107 i szybkoschn\u0105cy<\/p>\n<\/li>\n<li class=\"\" data-start=\"2781\" data-end=\"2815\">\n<p class=\"\" data-start=\"2783\" data-end=\"2815\">Trzy praktyczne kieszenie z ty\u0142u<\/p>\n<\/li>\n<li class=\"\" data-start=\"2816\" data-end=\"2867\">\n<p class=\"\" data-start=\"2818\" data-end=\"2867\">Bezszwowe wyko\u0144czenie r\u0119kaw\u00f3w dla wi\u0119kszej wygody<\/p>\n<\/li>\n<li class=\"\" data-start=\"2868\" data-end=\"2897\">\n<p class=\"\" data-start=\"2870\" data-end=\"2897\">Ochronne obszycie przy szyi<\/p>\n<\/li>\n<li class=\"\" data-start=\"2898\" data-end=\"2950\">\n<p class=\"\" data-start=\"2900\" data-end=\"2950\">Elastyczny pasek antypo\u015blizgowy przy dolnym brzegu<\/p>\n<\/li>\n<li class=\"\" data-start=\"2951\" data-end=\"2989\">\n<p class=\"\" data-start=\"2953\" data-end=\"2989\">Kontrastowe szwy dla modnego wygl\u0105du<\/p>\n<\/li>\n<\/ul>\n<p class=\"\" data-start=\"2991\" data-end=\"3012\"><strong data-start=\"2991\" data-end=\"3010\">Zestaw zawiera:<\/strong><\/p>\n<ul data-start=\"3013\" data-end=\"3061\">\n<li class=\"\" data-start=\"3013\" data-end=\"3061\">\n<p class=\"\" data-start=\"3015\" data-end=\"3061\">1 x Damska koszulka kolarska z kr\u00f3tkim r\u0119kawem<\/p>\n<\/li>\n<\/ul>\n<p class=\"\" data-start=\"3063\" data-end=\"3080\"><strong data-start=\"3063\" data-end=\"3080\">Specyfikacja:<\/strong><\/p>\n<ul data-start=\"3081\" data-end=\"3214\">\n<li class=\"\" data-start=\"3081\" data-end=\"3115\">\n<p class=\"\" data-start=\"3083\" data-end=\"3115\">Materia\u0142: 81% Nylon, 19% Spandex<\/p>\n<\/li>\n<li class=\"\" data-start=\"3116\" data-end=\"3165\">\n<p class=\"\" data-start=\"3118\" data-end=\"3165\">Dost\u0119pne kolory: Czarny, Zielony, R\u00f3\u017cowy, Bia\u0142y<\/p>\n<\/li>\n<li class=\"\" data-start=\"3166\" data-end=\"3193\">\n<p class=\"\" data-start=\"3168\" data-end=\"3193\">Rozmiary: XS, S, M, L, XL<\/p>\n<\/li>\n<li class=\"\" data-start=\"3194\" data-end=\"3214\">\n<p class=\"\" data-start=\"3196\" data-end=\"3214\">Waga (M): ok. 175g<\/p>\n<\/li>\n<\/ul>\n<p class=\"\" data-start=\"3216\" data-end=\"3260\">Pozosta\u0144 sucha, widoczna i stylowa z WOSAWE!<\/p>\n","protected":false},"excerpt":{"rendered":"<p>Poczuj pe\u0142en komfort i bezpiecze\u0144stwo z damsk\u0105 koszulk\u0105 kolarsk\u0105 WOSAWE!Elastyczna, oddychaj\u0105ca tkanina siateczkowa zapewnia szybkie schni\u0119cie, odprowadzanie wilgoci i lepsz\u0105 widoczno\u015b\u0107 dzi\u0119ki elementom odblaskowym. Idealna do jazdy na rowerze, motocyklu, biegania, w\u0119dr\u00f3wek i innych aktywno\u015bci outdoorowych. Cechy produktu: Odblaskowe logo dla lepszej widoczno\u015bci Materia\u0142 odprowadzaj\u0105cy wilgo\u0107 i szybkoschn\u0105cy Trzy praktyczne kieszenie z ty\u0142u Bezszwowe wyko\u0144czenie [&hellip;]<\/p>\n","protected":false},"featured_media":0,"comment_status":"open","ping_status":"closed","template":"","meta":{"_seopress_robots_primary_cat":"","_seopress_titles_title":"Damska koszulka kolarska WOSAWE \/ szybkoschn\u0105ca i odblaskowa","_seopress_titles_desc":"Odkryj damsk\u0105 koszulk\u0119 rowerow\u0105 WOSAWE: oddychaj\u0105c\u0105, szybkoschn\u0105c\u0105 i odblaskow\u0105. Idealny do jazdy na rowerze, biegania i aktywno\u015bci na \u015bwie\u017cym powietrzu!","_seopress_robots_index":"","googlesitekit_rrm_CAowz76iDA:productID":""},"product_brand":[],"product_cat":[292],"product_tag":[],"class_list":{"0":"post-8861","1":"product","2":"type-product","3":"status-publish","5":"product_cat-store-packages","7":"first","8":"instock","9":"sale","10":"sold-individually","11":"purchasable","12":"product-type-variable","13":"has-default-attributes"},"_links":{"self":[{"href":"https:\/\/linkmarkt.eu\/pl\/wp-json\/wp\/v2\/product\/8861","targetHints":{"allow":["GET"]}}],"collection":[{"href":"https:\/\/linkmarkt.eu\/pl\/wp-json\/wp\/v2\/product"}],"about":[{"href":"https:\/\/linkmarkt.eu\/pl\/wp-json\/wp\/v2\/types\/product"}],"replies":[{"embeddable":true,"href":"https:\/\/linkmarkt.eu\/pl\/wp-json\/wp\/v2\/comments?post=8861"}],"version-history":[{"count":1,"href":"https:\/\/linkmarkt.eu\/pl\/wp-json\/wp\/v2\/product\/8861\/revisions"}],"predecessor-version":[{"id":8882,"href":"https:\/\/linkmarkt.eu\/pl\/wp-json\/wp\/v2\/product\/8861\/revisions\/8882"}],"wp:attachment":[{"href":"https:\/\/linkmarkt.eu\/pl\/wp-json\/wp\/v2\/media?parent=8861"}],"wp:term":[{"taxonomy":"product_brand","embeddable":true,"href":"https:\/\/linkmarkt.eu\/pl\/wp-json\/wp\/v2\/product_brand?post=8861"},{"taxonomy":"product_cat","embeddable":true,"href":"https:\/\/linkmarkt.eu\/pl\/wp-json\/wp\/v2\/product_cat?post=8861"},{"taxonomy":"product_tag","embeddable":true,"href":"https:\/\/linkmarkt.eu\/pl\/wp-json\/wp\/v2\/product_tag?post=8861"}],"curies":[{"name":"wp","href":"https:\/\/api.w.org\/{rel}","templated":true}]}}