{"id":9218,"date":"2025-04-27T12:01:35","date_gmt":"2025-04-27T10:01:35","guid":{"rendered":"https:\/\/linkmarkt.eu\/product\/sefrall-98ml-aloe-vera-zel-oczyszczajacy-30ml-olejek-z-drzewa-herbacianego-20g-pearl-vc-krem-nawilzajacy-oczyszczajacy-tradzik-i-rozjasniajacy-zestaw-do-pielegnacji-skory\/"},"modified":"2025-04-27T12:23:54","modified_gmt":"2025-04-27T10:23:54","slug":"sefrall-98ml-aloe-vera-zel-oczyszczajacy-30ml-olejek-z-drzewa-herbacianego-20g-pearl-vc-krem-nawilzajacy-oczyszczajacy-tradzik-i-rozjasniajacy-zestaw-do-pielegnacji-skory","status":"publish","type":"product","link":"https:\/\/linkmarkt.eu\/pl\/product\/sefrall-98ml-aloe-vera-zel-oczyszczajacy-30ml-olejek-z-drzewa-herbacianego-20g-pearl-vc-krem-nawilzajacy-oczyszczajacy-tradzik-i-rozjasniajacy-zestaw-do-pielegnacji-skory\/","title":{"rendered":"S\u00e9frall 98ml aloe vera \u017cel oczyszczaj\u0105cy + 30ml olejek z drzewa herbacianego + 20g Pearl VC krem-nawil\u017caj\u0105cy, oczyszczaj\u0105cy tr\u0105dzik i rozja\u015bniaj\u0105cy zestaw do piel\u0119gnacji sk\u00f3ry"},"content":{"rendered":"<p>Opis produktu:<br \/>\nOdkryj zestaw do piel\u0119gnacji sk\u00f3ry S\u00e9fralls-naturalne i delikatne rozwi\u0105zanie do codziennej piel\u0119gnacji. Ten zestaw \u0142\u0105czy koj\u0105ce w\u0142a\u015bciwo\u015bci aloesu, oczyszczaj\u0105c\u0105 moc olejku z drzewa herbacianego i rozja\u015bniaj\u0105ce dzia\u0142anie kremu Pearl VC.<\/p>\n<p>Najwa\u017cniejsze informacje:<\/p>\n<p>Naturalna i delikatna formu\u0142a: wzbogacona olejem z aloesu i drzewa herbacianego, idealna dla sk\u00f3ry wra\u017cliwej.<\/p>\n<p>Dzia\u0142anie nawil\u017caj\u0105ce i koj\u0105ce: \u017cel oczyszczaj\u0105cy z aloesu intensywnie nawil\u017ca i \u0142agodzi podra\u017cnion\u0105 sk\u00f3r\u0119.<\/p>\n<p>Rozja\u015bnianie i Ochrona: krem na dzie\u0144 Pearl VC pomaga rozja\u015bni\u0107 cer\u0119 i zapewnia codzienn\u0105 ochron\u0119.<\/p>\n<p>Idealny zestaw podarunkowy: idealny prezent do piel\u0119gnacji sk\u00f3ry dla rodziny i przyjaci\u00f3\u0142.<\/p>\n<p>Instrukcja przechowywania: Prosz\u0119 przechowywa\u0107 w ch\u0142odnym, suchym miejscu i unika\u0107 bezpo\u015bredniego \u015bwiat\u0142a s\u0142onecznego,aby zachowa\u0107 skuteczno\u015b\u0107.<\/p>\n<p>Zawarto\u015b\u0107:<\/p>\n<p>1 \u017cel oczyszczaj\u0105cy z aloesem (98 ml)<\/p>\n<p>1 \u0142y\u017cka olejku z drzewa herbacianego (30 ml)<\/p>\n<p>1 Krem Pearl VC (20 g)<\/p>\n","protected":false},"excerpt":{"rendered":"<p>Opis produktu: Odkryj zestaw do piel\u0119gnacji sk\u00f3ry S\u00e9fralls-naturalne i delikatne rozwi\u0105zanie do codziennej piel\u0119gnacji. Ten zestaw \u0142\u0105czy koj\u0105ce w\u0142a\u015bciwo\u015bci aloesu, oczyszczaj\u0105c\u0105 moc olejku z drzewa herbacianego i rozja\u015bniaj\u0105ce dzia\u0142anie kremu Pearl VC. Najwa\u017cniejsze informacje: Naturalna i delikatna formu\u0142a: wzbogacona olejem z aloesu i drzewa herbacianego, idealna dla sk\u00f3ry wra\u017cliwej. Dzia\u0142anie nawil\u017caj\u0105ce i koj\u0105ce: \u017cel oczyszczaj\u0105cy [&hellip;]<\/p>\n","protected":false},"featured_media":0,"comment_status":"open","ping_status":"closed","template":"","meta":{"_seopress_robots_primary_cat":"none","_seopress_titles_title":"Zestaw do piel\u0119gnacji sk\u00f3ry z olejkiem z aloesu i drzewa herbacianego-krem i \u017cel oczyszczaj\u0105cy S\u00e9frall","_seopress_titles_desc":"Delikatna piel\u0119gnacja sk\u00f3ry z aloesem, olejkiem z drzewa herbacianego i kremem Pearl VC. Nawil\u017ca, koi i rozja\u015bnia sk\u00f3r\u0119-idealny zestaw do codziennej piel\u0119gnacji.","_seopress_robots_index":"","googlesitekit_rrm_CAowz76iDA:productID":""},"product_brand":[],"product_cat":[292],"product_tag":[],"class_list":{"0":"post-9218","1":"product","2":"type-product","3":"status-publish","5":"product_cat-store-packages","7":"first","8":"instock","9":"purchasable","10":"product-type-simple"},"_links":{"self":[{"href":"https:\/\/linkmarkt.eu\/pl\/wp-json\/wp\/v2\/product\/9218","targetHints":{"allow":["GET"]}}],"collection":[{"href":"https:\/\/linkmarkt.eu\/pl\/wp-json\/wp\/v2\/product"}],"about":[{"href":"https:\/\/linkmarkt.eu\/pl\/wp-json\/wp\/v2\/types\/product"}],"replies":[{"embeddable":true,"href":"https:\/\/linkmarkt.eu\/pl\/wp-json\/wp\/v2\/comments?post=9218"}],"version-history":[{"count":1,"href":"https:\/\/linkmarkt.eu\/pl\/wp-json\/wp\/v2\/product\/9218\/revisions"}],"predecessor-version":[{"id":9219,"href":"https:\/\/linkmarkt.eu\/pl\/wp-json\/wp\/v2\/product\/9218\/revisions\/9219"}],"wp:attachment":[{"href":"https:\/\/linkmarkt.eu\/pl\/wp-json\/wp\/v2\/media?parent=9218"}],"wp:term":[{"taxonomy":"product_brand","embeddable":true,"href":"https:\/\/linkmarkt.eu\/pl\/wp-json\/wp\/v2\/product_brand?post=9218"},{"taxonomy":"product_cat","embeddable":true,"href":"https:\/\/linkmarkt.eu\/pl\/wp-json\/wp\/v2\/product_cat?post=9218"},{"taxonomy":"product_tag","embeddable":true,"href":"https:\/\/linkmarkt.eu\/pl\/wp-json\/wp\/v2\/product_tag?post=9218"}],"curies":[{"name":"wp","href":"https:\/\/api.w.org\/{rel}","templated":true}]}}