{"id":9359,"date":"2025-04-27T16:34:56","date_gmt":"2025-04-27T14:34:56","guid":{"rendered":"https:\/\/linkmarkt.eu\/product\/serum-na-porost-rzes-i-brwi-7-dni-szybki-wzrost-i-wzmocnienie-bezpieczna-formula\/"},"modified":"2025-04-27T16:52:05","modified_gmt":"2025-04-27T14:52:05","slug":"serum-na-porost-rzes-i-brwi-7-dni-szybki-wzrost-i-wzmocnienie-bezpieczna-formula","status":"publish","type":"product","link":"https:\/\/linkmarkt.eu\/pl\/product\/serum-na-porost-rzes-i-brwi-7-dni-szybki-wzrost-i-wzmocnienie-bezpieczna-formula\/","title":{"rendered":"Serum na porost rz\u0119s i brwi 7 Dni \u2013 Szybki wzrost i wzmocnienie \u2013 Bezpieczna formu\u0142a"},"content":{"rendered":"<h1><\/h1>\n<p>&nbsp;<\/p>\n<p>Zapomnij o sztucznych rz\u0119sach! Serum 7 Days Fast Eyelash Growth stymuluje naturalny wzrost rz\u0119s i brwi. \u0141atwe w u\u017cyciu \u2013 wystarczy nak\u0142ada\u0107 jak eyeliner na lini\u0119 rz\u0119s. Nawil\u017caj\u0105ce, hipoalergiczne i bezpieczne w stosowaniu. Wyra\u017anie d\u0142u\u017csze i g\u0119stsze rz\u0119sy w ci\u0105gu kilku tygodni. Bez szkodliwych substancji. Zawarto\u015b\u0107: 1 sztuka, Termin wa\u017cno\u015bci: 3 lata.<\/p>\n<div class=\"detailmodule_html\">\n<div class=\"detail-desc-decorate-richtext\">\n<div><img decoding=\"async\" src=\"https:\/\/ae01.alicdn.com\/kf\/S74c25ffa56dc4c64b221cb4ff5734272c.jpg\" \/><br \/>\n<img decoding=\"async\" src=\"https:\/\/ae01.alicdn.com\/kf\/Sd803933c064e48108ce1dce16ae5eea2T.jpg\" \/><br \/>\n<img decoding=\"async\" src=\"https:\/\/ae01.alicdn.com\/kf\/S7b2eee0bc5cc4f5783738cfc88a9fa1ar.jpg\" \/><br \/>\n<img decoding=\"async\" src=\"https:\/\/ae01.alicdn.com\/kf\/S39d66447a04f4172978147340b8839caR.jpg\" \/><br \/>\n<img decoding=\"async\" src=\"https:\/\/ae01.alicdn.com\/kf\/Sdfd4a4cf3a7e4796a77648fd67d5be04k.jpg\" \/><br \/>\n<img decoding=\"async\" src=\"https:\/\/ae01.alicdn.com\/kf\/Sb56780d999744f34955c7a313081ad0ey.jpg\" \/><br \/>\n<img decoding=\"async\" src=\"https:\/\/ae01.alicdn.com\/kf\/S62d414c0fa954b80984fe10412605df5R.jpg\" \/><br \/>\n<img decoding=\"async\" src=\"https:\/\/ae01.alicdn.com\/kf\/Sa78704cbc6134dc69a2a320d6a319c188.jpg\" \/><br \/>\n<img decoding=\"async\" src=\"https:\/\/ae01.alicdn.com\/kf\/Sae34ef3bb15e4f0abf3d85798aad8c6eJ.jpg\" \/><br \/>\n<img decoding=\"async\" src=\"https:\/\/ae01.alicdn.com\/kf\/S0eb876e10fa34833a3adfe8195d3fce8S.jpg\" \/><br \/>\n<img decoding=\"async\" src=\"https:\/\/ae01.alicdn.com\/kf\/Sd289d3ec864e4e97864905d9103b1855V.jpg\" \/><br \/>\n<img decoding=\"async\" src=\"https:\/\/ae01.alicdn.com\/kf\/S114e204d943144adb45a53395caacccaW.jpg\" \/><\/div>\n<\/div>\n<\/div>\n<p>&nbsp;<\/p>\n","protected":false},"excerpt":{"rendered":"<p>&nbsp; Zapomnij o sztucznych rz\u0119sach! Serum 7 Days Fast Eyelash Growth stymuluje naturalny wzrost rz\u0119s i brwi. \u0141atwe w u\u017cyciu \u2013 wystarczy nak\u0142ada\u0107 jak eyeliner na lini\u0119 rz\u0119s. Nawil\u017caj\u0105ce, hipoalergiczne i bezpieczne w stosowaniu. Wyra\u017anie d\u0142u\u017csze i g\u0119stsze rz\u0119sy w ci\u0105gu kilku tygodni. Bez szkodliwych substancji. Zawarto\u015b\u0107: 1 sztuka, Termin wa\u017cno\u015bci: 3 lata. &nbsp;<\/p>\n","protected":false},"featured_media":9329,"comment_status":"open","ping_status":"closed","template":"","meta":{"_seopress_robots_primary_cat":"","_seopress_titles_title":"","_seopress_titles_desc":"","_seopress_robots_index":"","googlesitekit_rrm_CAowz76iDA:productID":""},"product_brand":[],"product_cat":[1640],"product_tag":[],"class_list":{"0":"post-9359","1":"product","2":"type-product","3":"status-publish","4":"has-post-thumbnail","6":"product_cat-uroda-i-pielegnacja","8":"first","9":"instock","10":"sale","11":"taxable","12":"shipping-taxable","13":"purchasable","14":"product-type-variable"},"_links":{"self":[{"href":"https:\/\/linkmarkt.eu\/pl\/wp-json\/wp\/v2\/product\/9359","targetHints":{"allow":["GET"]}}],"collection":[{"href":"https:\/\/linkmarkt.eu\/pl\/wp-json\/wp\/v2\/product"}],"about":[{"href":"https:\/\/linkmarkt.eu\/pl\/wp-json\/wp\/v2\/types\/product"}],"replies":[{"embeddable":true,"href":"https:\/\/linkmarkt.eu\/pl\/wp-json\/wp\/v2\/comments?post=9359"}],"version-history":[{"count":1,"href":"https:\/\/linkmarkt.eu\/pl\/wp-json\/wp\/v2\/product\/9359\/revisions"}],"predecessor-version":[{"id":9361,"href":"https:\/\/linkmarkt.eu\/pl\/wp-json\/wp\/v2\/product\/9359\/revisions\/9361"}],"wp:featuredmedia":[{"embeddable":true,"href":"https:\/\/linkmarkt.eu\/pl\/wp-json\/wp\/v2\/media\/9329"}],"wp:attachment":[{"href":"https:\/\/linkmarkt.eu\/pl\/wp-json\/wp\/v2\/media?parent=9359"}],"wp:term":[{"taxonomy":"product_brand","embeddable":true,"href":"https:\/\/linkmarkt.eu\/pl\/wp-json\/wp\/v2\/product_brand?post=9359"},{"taxonomy":"product_cat","embeddable":true,"href":"https:\/\/linkmarkt.eu\/pl\/wp-json\/wp\/v2\/product_cat?post=9359"},{"taxonomy":"product_tag","embeddable":true,"href":"https:\/\/linkmarkt.eu\/pl\/wp-json\/wp\/v2\/product_tag?post=9359"}],"curies":[{"name":"wp","href":"https:\/\/api.w.org\/{rel}","templated":true}]}}