{"id":9367,"date":"2025-04-27T16:33:16","date_gmt":"2025-04-27T14:33:16","guid":{"rendered":"https:\/\/linkmarkt.eu\/product\/duza-damska-torba-na-ramie-z-bawelny-motyw-lisci-ekologiczna-torba-na-zakupy-lub-ksiazki\/"},"modified":"2025-04-27T17:10:35","modified_gmt":"2025-04-27T15:10:35","slug":"duza-damska-torba-na-ramie-z-bawelny-motyw-lisci-ekologiczna-torba-na-zakupy-lub-ksiazki","status":"publish","type":"product","link":"https:\/\/linkmarkt.eu\/pl\/product\/duza-damska-torba-na-ramie-z-bawelny-motyw-lisci-ekologiczna-torba-na-zakupy-lub-ksiazki\/","title":{"rendered":"Du\u017ca damska torba na rami\u0119 z bawe\u0142ny \u2013 motyw li\u015bci \u2013 ekologiczna torba na zakupy lub ksi\u0105\u017cki"},"content":{"rendered":"<p class=\"\" data-start=\"1669\" data-end=\"2161\">Stylowa i praktyczna torba na ka\u017cd\u0105 okazj\u0119!<br data-start=\"1724\" data-end=\"1727\" \/>Wykonana z wytrzyma\u0142ego p\u0142\u00f3tna bawe\u0142nianego lub lnu, ozdobiona uroczym motywem li\u015bci.<br data-start=\"1812\" data-end=\"1815\" \/>Du\u017ca przestrze\u0144 (2 du\u017ce kieszenie + 1 ma\u0142a kieszonka) idealnie pomie\u015bci zakupy, ksi\u0105\u017cki i codzienne drobiazgi.<br data-start=\"1925\" data-end=\"1928\" \/>Mi\u0119kka, lekka i wygodna w noszeniu \u2013 \u015bwietnie sprawdzi si\u0119 na zakupy, spacer czy wyj\u015bcie z przyjaci\u00f3\u0142mi.<br data-start=\"2032\" data-end=\"2035\" \/>Materia\u0142: Bawe\u0142na \/ Len. Wymiary: 41,5 \u00d7 46 cm. D\u0142ugo\u015b\u0107 paska na rami\u0119: 50 cm.<br data-start=\"2113\" data-end=\"2116\" \/>Wybierz modny i ekologiczny styl na co dzie\u0144!<\/p>\n","protected":false},"excerpt":{"rendered":"<p>Stylowa i praktyczna torba na ka\u017cd\u0105 okazj\u0119!Wykonana z wytrzyma\u0142ego p\u0142\u00f3tna bawe\u0142nianego lub lnu, ozdobiona uroczym motywem li\u015bci.Du\u017ca przestrze\u0144 (2 du\u017ce kieszenie + 1 ma\u0142a kieszonka) idealnie pomie\u015bci zakupy, ksi\u0105\u017cki i codzienne drobiazgi.Mi\u0119kka, lekka i wygodna w noszeniu \u2013 \u015bwietnie sprawdzi si\u0119 na zakupy, spacer czy wyj\u015bcie z przyjaci\u00f3\u0142mi.Materia\u0142: Bawe\u0142na \/ Len. Wymiary: 41,5 \u00d7 46 [&hellip;]<\/p>\n","protected":false},"featured_media":9296,"comment_status":"open","ping_status":"closed","template":"","meta":{"_seopress_robots_primary_cat":"none","_seopress_titles_title":"","_seopress_titles_desc":"","_seopress_robots_index":"","googlesitekit_rrm_CAowz76iDA:productID":""},"product_brand":[],"product_cat":[1643],"product_tag":[],"class_list":{"0":"post-9367","1":"product","2":"type-product","3":"status-publish","4":"has-post-thumbnail","6":"product_cat-mod-akcesoria","8":"first","9":"instock","10":"sale","11":"taxable","12":"shipping-taxable","13":"purchasable","14":"product-type-variable"},"_links":{"self":[{"href":"https:\/\/linkmarkt.eu\/pl\/wp-json\/wp\/v2\/product\/9367","targetHints":{"allow":["GET"]}}],"collection":[{"href":"https:\/\/linkmarkt.eu\/pl\/wp-json\/wp\/v2\/product"}],"about":[{"href":"https:\/\/linkmarkt.eu\/pl\/wp-json\/wp\/v2\/types\/product"}],"replies":[{"embeddable":true,"href":"https:\/\/linkmarkt.eu\/pl\/wp-json\/wp\/v2\/comments?post=9367"}],"version-history":[{"count":1,"href":"https:\/\/linkmarkt.eu\/pl\/wp-json\/wp\/v2\/product\/9367\/revisions"}],"predecessor-version":[{"id":9370,"href":"https:\/\/linkmarkt.eu\/pl\/wp-json\/wp\/v2\/product\/9367\/revisions\/9370"}],"wp:featuredmedia":[{"embeddable":true,"href":"https:\/\/linkmarkt.eu\/pl\/wp-json\/wp\/v2\/media\/9296"}],"wp:attachment":[{"href":"https:\/\/linkmarkt.eu\/pl\/wp-json\/wp\/v2\/media?parent=9367"}],"wp:term":[{"taxonomy":"product_brand","embeddable":true,"href":"https:\/\/linkmarkt.eu\/pl\/wp-json\/wp\/v2\/product_brand?post=9367"},{"taxonomy":"product_cat","embeddable":true,"href":"https:\/\/linkmarkt.eu\/pl\/wp-json\/wp\/v2\/product_cat?post=9367"},{"taxonomy":"product_tag","embeddable":true,"href":"https:\/\/linkmarkt.eu\/pl\/wp-json\/wp\/v2\/product_tag?post=9367"}],"curies":[{"name":"wp","href":"https:\/\/api.w.org\/{rel}","templated":true}]}}