{"id":9613,"date":"2025-04-27T17:19:59","date_gmt":"2025-04-27T15:19:59","guid":{"rendered":"https:\/\/linkmarkt.eu\/product\/bioaqua-aloesowy-krem-do-twarzy-glebokie-nawilzenie-krem-dzienny-do-skory-suchej-i-normalnej-50g\/"},"modified":"2025-04-27T18:51:31","modified_gmt":"2025-04-27T16:51:31","slug":"bioaqua-aloesowy-krem-do-twarzy-glebokie-nawilzenie-krem-dzienny-do-skory-suchej-i-normalnej-50g","status":"publish","type":"product","link":"https:\/\/linkmarkt.eu\/pl\/product\/bioaqua-aloesowy-krem-do-twarzy-glebokie-nawilzenie-krem-dzienny-do-skory-suchej-i-normalnej-50g\/","title":{"rendered":"BIOAQUA Aloesowy Krem do Twarzy \u2013 G\u0142\u0119bokie Nawil\u017cenie \u2013 Krem Dzienny do Sk\u00f3ry Suchej i Normalnej \u2013 50g"},"content":{"rendered":"<p class=\"\" data-start=\"1147\" data-end=\"1723\">Poznaj now\u0105 BIOAQUA Aloe Vera Face Cream i zadbaj o swoj\u0105 sk\u00f3r\u0119 ka\u017cdego dnia!<br data-start=\"1236\" data-end=\"1239\" \/>Formu\u0142a oparta na naturalnym ekstrakcie z aloesu intensywnie nawil\u017ca, zmi\u0119kcza i tworzy warstw\u0119 ochronn\u0105, zatrzymuj\u0105c\u0105 wilgo\u0107 w sk\u00f3rze.<br data-start=\"1374\" data-end=\"1377\" \/>Krem od\u015bwie\u017ca cer\u0119, nie pozostawiaj\u0105c t\u0142ustego filmu, sprawiaj\u0105c, \u017ce sk\u00f3ra staje si\u0119 promienna i g\u0142adka jak skorupka jajka ju\u017c po tygodniu stosowania!<br data-start=\"1527\" data-end=\"1530\" \/>Spos\u00f3b u\u017cycia: po oczyszczeniu twarzy, na\u0142\u00f3\u017c odpowiedni\u0105 ilo\u015b\u0107 kremu, delikatnie wmasuj do ca\u0142kowitego wch\u0142oni\u0119cia.<br data-start=\"1645\" data-end=\"1648\" \/>Mo\u017cna stosowa\u0107 rano i wieczorem.<br data-start=\"1680\" data-end=\"1683\" \/>Pojemno\u015b\u0107: 50g. Termin wa\u017cno\u015bci: 3 lata.<\/p>\n<p class=\"\" data-start=\"1725\" data-end=\"1802\"><strong data-start=\"1725\" data-end=\"1750\">Zawarto\u015b\u0107 opakowania:<\/strong><br data-start=\"1750\" data-end=\"1753\" \/>1 \u00d7 BIOAQUA Aloe Vera Moisturizing Face Cream 50g<\/p>\n","protected":false},"excerpt":{"rendered":"<p>Poznaj now\u0105 BIOAQUA Aloe Vera Face Cream i zadbaj o swoj\u0105 sk\u00f3r\u0119 ka\u017cdego dnia!Formu\u0142a oparta na naturalnym ekstrakcie z aloesu intensywnie nawil\u017ca, zmi\u0119kcza i tworzy warstw\u0119 ochronn\u0105, zatrzymuj\u0105c\u0105 wilgo\u0107 w sk\u00f3rze.Krem od\u015bwie\u017ca cer\u0119, nie pozostawiaj\u0105c t\u0142ustego filmu, sprawiaj\u0105c, \u017ce sk\u00f3ra staje si\u0119 promienna i g\u0142adka jak skorupka jajka ju\u017c po tygodniu stosowania!Spos\u00f3b u\u017cycia: po oczyszczeniu [&hellip;]<\/p>\n","protected":false},"featured_media":9397,"comment_status":"open","ping_status":"closed","template":"","meta":{"_seopress_robots_primary_cat":"none","_seopress_titles_title":"BIOAQUA krem z aloesem-nawil\u017caj\u0105cy krem na dzie\u0144 - 50g | LinkMarkt.eu","_seopress_titles_desc":"Nawil\u017c sk\u00f3r\u0119 kremem do twarzy Aloe Vera BIOAQUA-intensywne nawil\u017cenie dla sk\u00f3ry suchej i normalnej. Delikatnej piel\u0119gnacji, 50 g. Odkryj teraz w LinkMarkt.eu !","_seopress_robots_index":"","googlesitekit_rrm_CAowz76iDA:productID":""},"product_brand":[],"product_cat":[1088],"product_tag":[1044,1043,1052,1046],"class_list":{"0":"post-9613","1":"product","2":"type-product","3":"status-publish","4":"has-post-thumbnail","6":"product_cat-kosmetyk","7":"product_tag-intensywnie-nawilzajacy-krem","8":"product_tag-pielegnacja-twarzy","9":"product_tag-regeneracja-skory","10":"product_tag-sucha-skora","12":"first","13":"instock","14":"sale","15":"taxable","16":"shipping-taxable","17":"purchasable","18":"product-type-simple"},"_links":{"self":[{"href":"https:\/\/linkmarkt.eu\/pl\/wp-json\/wp\/v2\/product\/9613","targetHints":{"allow":["GET"]}}],"collection":[{"href":"https:\/\/linkmarkt.eu\/pl\/wp-json\/wp\/v2\/product"}],"about":[{"href":"https:\/\/linkmarkt.eu\/pl\/wp-json\/wp\/v2\/types\/product"}],"replies":[{"embeddable":true,"href":"https:\/\/linkmarkt.eu\/pl\/wp-json\/wp\/v2\/comments?post=9613"}],"version-history":[{"count":1,"href":"https:\/\/linkmarkt.eu\/pl\/wp-json\/wp\/v2\/product\/9613\/revisions"}],"predecessor-version":[{"id":9614,"href":"https:\/\/linkmarkt.eu\/pl\/wp-json\/wp\/v2\/product\/9613\/revisions\/9614"}],"wp:featuredmedia":[{"embeddable":true,"href":"https:\/\/linkmarkt.eu\/pl\/wp-json\/wp\/v2\/media\/9397"}],"wp:attachment":[{"href":"https:\/\/linkmarkt.eu\/pl\/wp-json\/wp\/v2\/media?parent=9613"}],"wp:term":[{"taxonomy":"product_brand","embeddable":true,"href":"https:\/\/linkmarkt.eu\/pl\/wp-json\/wp\/v2\/product_brand?post=9613"},{"taxonomy":"product_cat","embeddable":true,"href":"https:\/\/linkmarkt.eu\/pl\/wp-json\/wp\/v2\/product_cat?post=9613"},{"taxonomy":"product_tag","embeddable":true,"href":"https:\/\/linkmarkt.eu\/pl\/wp-json\/wp\/v2\/product_tag?post=9613"}],"curies":[{"name":"wp","href":"https:\/\/api.w.org\/{rel}","templated":true}]}}