{"id":9788,"date":"2025-04-27T17:44:39","date_gmt":"2025-04-27T15:44:39","guid":{"rendered":"https:\/\/linkmarkt.eu\/product\/lige-smartwatch-men-women-2024-wyswietlacz-hd-201-latarka-polaczenia-bluetooth-sterowanie-glosowe-zegarek-fitness-i-zdrowotny\/"},"modified":"2025-04-27T17:44:39","modified_gmt":"2025-04-27T15:44:39","slug":"lige-smartwatch-men-women-2024-wyswietlacz-hd-201-latarka-polaczenia-bluetooth-sterowanie-glosowe-zegarek-fitness-i-zdrowotny","status":"publish","type":"product","link":"https:\/\/linkmarkt.eu\/pl\/product\/lige-smartwatch-men-women-2024-wyswietlacz-hd-201-latarka-polaczenia-bluetooth-sterowanie-glosowe-zegarek-fitness-i-zdrowotny\/","title":{"rendered":"LIGE Smartwatch Men &amp; Women 2024 &#8211; wy\u015bwietlacz HD 2,01&#8243;, latarka, po\u0142\u0105czenia Bluetooth, sterowanie g\u0142osowe, zegarek fitness i zdrowotny"},"content":{"rendered":"<p class=\"\" data-start=\"483\" data-end=\"798\"><strong data-start=\"483\" data-end=\"591\">Odkryj nowy LIGE Smartwatch 2024 &#8211; inteligentnego towarzysza codziennego \u017cycia, sportu i zdrowia.<\/strong><br data-start=\"591\" data-end=\"594\">Dzi\u0119ki imponuj\u0105cemu <strong data-start=\"620\" data-end=\"655\">2,01-calowemu wy\u015bwietlaczowi HD TFT<\/strong>, zintegrowanej lampie <strong data-start=\"670\" data-end=\"688\">b\u0142yskowej LED<\/strong>, <strong data-start=\"690\" data-end=\"714\">asystentowi g\u0142osowemu AI<\/strong> i <strong data-start=\"719\" data-end=\"748\">funkcji telefonu Bluetooth<\/strong>, jeste\u015b zawsze po\u0142\u0105czony &#8211; stylowy i inteligentny.<\/p>\n<hr class=\"\" data-start=\"800\" data-end=\"803\">\n<h3 class=\"\" data-start=\"805\" data-end=\"843\">\u2705 <strong data-start=\"811\" data-end=\"843\">Najwa\u017cniejsze funkcje w skr\u00f3cie:<\/strong><\/h3>\n<ul data-start=\"845\" data-end=\"1617\">\n<li class=\"\" data-start=\"845\" data-end=\"937\">\n<p class=\"\" data-start=\"847\" data-end=\"937\">\ud83d\udcde <strong data-start=\"850\" data-end=\"873\">Telefonia Bluetooth<\/strong>: odbieranie, odrzucanie i wykonywanie po\u0142\u0105cze\u0144 bezpo\u015brednio na nadgarstku.<\/p>\n<\/li>\n<li class=\"\" data-start=\"938\" data-end=\"1013\">\n<p class=\"\" data-start=\"940\" data-end=\"1013\">\ud83c\udfa4 <strong data-start=\"943\" data-end=\"973\">Zintegrowany asystent g\u0142osowy<\/strong>: steruj zegarkiem za pomoc\u0105 g\u0142osu.<\/p>\n<\/li>\n<li class=\"\" data-start=\"1014\" data-end=\"1163\">\n<p class=\"\" data-start=\"1016\" data-end=\"1163\">\ud83c\udfc3\u200d\u2642\ufe0f <strong data-start=\"1022\" data-end=\"1061\">Tryb multisport i \u015bledzenie kondycji<\/strong>: kroki, dystans, spalone kalorie, t\u0119tno, ci\u015bnienie krwi, tlen we krwi i monitorowanie snu.<\/p>\n<\/li>\n<li class=\"\" data-start=\"1164\" data-end=\"1226\">\n<p class=\"\" data-start=\"1166\" data-end=\"1226\">\ud83d\udd26 <strong data-start=\"1169\" data-end=\"1196\">Wbudowana latarka<\/strong>: dla lepszej widoczno\u015bci w ciemno\u015bci.<\/p>\n<\/li>\n<li class=\"\" data-start=\"1227\" data-end=\"1303\">\n<p class=\"\" data-start=\"1229\" data-end=\"1303\">\ud83c\udfb5 <strong data-start=\"1232\" data-end=\"1264\">Sterowanie muzyk\u0105 i mini-gry<\/strong>: Rozrywka bezpo\u015brednio na zegarku.<\/p>\n<\/li>\n<li class=\"\" data-start=\"1304\" data-end=\"1378\">\n<p class=\"\" data-start=\"1306\" data-end=\"1378\">\ud83d\udd14 <strong data-start=\"1309\" data-end=\"1332\">Inteligentne powiadomienia<\/strong>: WhatsApp, Facebook, WeChat, e-mail i inne.<\/p>\n<\/li>\n<li class=\"\" data-start=\"1379\" data-end=\"1474\">\n<p class=\"\" data-start=\"1381\" data-end=\"1474\">\ud83c\udfa8 <strong data-start=\"1384\" data-end=\"1432\">Spersonalizowana tarcza zegarka i obraz t\u0142a<\/strong>: dostosuj sw\u00f3j smartwatch do swojego stylu.<\/p>\n<\/li>\n<li class=\"\" data-start=\"1475\" data-end=\"1551\">\n<p class=\"\" data-start=\"1477\" data-end=\"1551\">\ud83d\udd53 <strong data-start=\"1480\" data-end=\"1502\">D\u0142uga \u017cywotno\u015b\u0107 baterii<\/strong>: Do 40 dni czasu czuwania dzi\u0119ki baterii o pojemno\u015bci 370 mAh.<\/p>\n<\/li>\n<li class=\"\" data-start=\"1552\" data-end=\"1617\">\n<p class=\"\" data-start=\"1554\" data-end=\"1617\">\ud83c\udf26\ufe0f <strong data-start=\"1558\" data-end=\"1616\">Wy\u015bwietlacz pogody, budzik, stoper, kalkulator i nie tylko<\/strong>.<\/p>\n<\/li>\n<\/ul>\n<hr class=\"\" data-start=\"1619\" data-end=\"1622\">\n<h3 class=\"\" data-start=\"1624\" data-end=\"1656\">\ud83d\udcf1 <strong data-start=\"1631\" data-end=\"1656\">Kompatybilno\u015b\u0107 i aplikacja:<\/strong><\/h3>\n<ul data-start=\"1658\" data-end=\"1911\">\n<li class=\"\" data-start=\"1658\" data-end=\"1719\">\n<p class=\"\" data-start=\"1660\" data-end=\"1719\">Zgodno\u015b\u0107 z systemami <strong data-start=\"1675\" data-end=\"1695\">Android (od wersji 6.0)<\/strong> i <strong data-start=\"1700\" data-end=\"1717\">iOS (od wersji 10.0)<\/strong><\/p>\n<\/li>\n<li class=\"\" data-start=\"1720\" data-end=\"1789\">\n<p class=\"\" data-start=\"1722\" data-end=\"1789\">Bezp\u0142atna aplikacja: <strong data-start=\"1738\" data-end=\"1748\">DA Fit<\/strong> (dost\u0119pna w App Store i Google Play)<\/p>\n<\/li>\n<li class=\"\" data-start=\"1790\" data-end=\"1911\">\n<p class=\"\" data-start=\"1792\" data-end=\"1911\">Obs\u0142uguje <strong data-start=\"1804\" data-end=\"1824\">ponad 20 j\u0119zyk\u00f3w<\/strong>, w tym niemiecki, angielski, francuski, polski, turecki, arabski, ukrai\u0144ski i wiele innych. <\/p>\n<\/li>\n<\/ul>\n<hr class=\"\" data-start=\"1913\" data-end=\"1916\">\n<h3 class=\"\" data-start=\"1918\" data-end=\"1946\">\ud83d\udca7 <strong data-start=\"1925\" data-end=\"1946\">Projektowanie i technologia:<\/strong><\/h3>\n<ul data-start=\"1948\" data-end=\"2226\">\n<li class=\"\" data-start=\"1948\" data-end=\"2033\">\n<p class=\"\" data-start=\"1950\" data-end=\"2033\">\ud83d\udca0 <strong data-start=\"1953\" data-end=\"1965\">Materia\u0142<\/strong>: Wysokiej jako\u015bci aluminiowa obudowa i przyjazny dla sk\u00f3ry silikonowy pasek<\/p>\n<\/li>\n<li class=\"\" data-start=\"2034\" data-end=\"2081\">\n<p class=\"\" data-start=\"2036\" data-end=\"2081\">\ud83d\udcd0 <strong data-start=\"2039\" data-end=\"2050\">Wy\u015bwietlacz<\/strong>: 2,01&#8243; HD TFT, 240&#215;296 pikseli<\/p>\n<\/li>\n<li class=\"\" data-start=\"2082\" data-end=\"2142\">\n<p class=\"\" data-start=\"2084\" data-end=\"2142\">\ud83d\udd0b <strong data-start=\"2087\" data-end=\"2095\">Bateria<\/strong>: 370 mAh, \u0142adowanie magnetyczne w oko\u0142o 2 godziny<\/p>\n<\/li>\n<li class=\"\" data-start=\"2143\" data-end=\"2226\">\n<p class=\"\" data-start=\"2145\" data-end=\"2226\">\ud83c\udf0a <strong data-start=\"2148\" data-end=\"2172\">Wodoodporno\u015b\u0107 IP68<\/strong> &#8211; idealna do codziennego u\u017cytku (nie nadaje si\u0119 do p\u0142ywania)<\/p>\n<\/li>\n<\/ul>\n<hr class=\"\" data-start=\"2228\" data-end=\"2231\">\n<h3 class=\"\" data-start=\"2233\" data-end=\"2267\">\ud83c\udf81 <strong data-start=\"2240\" data-end=\"2265\">Idealny na prezent:<\/strong><\/h3>\n<p class=\"\" data-start=\"2268\" data-end=\"2398\">Idealny dla m\u0119\u017cczyzn i kobiet, sportowc\u00f3w, fan\u00f3w technologii lub ka\u017cdego, kto ceni zdrowie i styl. Prawdziwa atrakcja na rok 2025. <\/p>\n<h1><img decoding=\"async\" class=\"detail-desc-decorate-image\" style=\"font-size: 16px;color: #707070\" src=\"https:\/\/ae01.alicdn.com\/kf\/S5fc9c5c65a89469ab7c398093c76105bf.png\"><img decoding=\"async\" class=\"detail-desc-decorate-image\" style=\"font-size: 16px;color: #707070\" src=\"https:\/\/ae01.alicdn.com\/kf\/Sa4975b43b2754787bd635d6dde85c948H.png\"><img decoding=\"async\" class=\"detail-desc-decorate-image\" style=\"font-size: 16px;color: #707070\" src=\"https:\/\/ae01.alicdn.com\/kf\/S38eb1810ffb042c8a90f14d3cf98fafeW.jpg\"><img decoding=\"async\" class=\"detail-desc-decorate-image\" style=\"font-size: 16px;color: #707070\" src=\"https:\/\/ae01.alicdn.com\/kf\/Sfcf6fbabb03240fd858bb144feccd9205.png\"><img decoding=\"async\" class=\"detail-desc-decorate-image\" style=\"font-size: 16px;color: #707070\" src=\"https:\/\/ae01.alicdn.com\/kf\/S8bf6d443305f4e20a0aaa7e8e087ae6cM.png\"><img decoding=\"async\" class=\"detail-desc-decorate-image\" style=\"font-size: 16px;color: #707070\" src=\"https:\/\/ae01.alicdn.com\/kf\/S39fdd62315084098a967d7c2105ceb214.png\"><img decoding=\"async\" class=\"detail-desc-decorate-image\" style=\"font-size: 16px;color: #707070\" src=\"https:\/\/ae01.alicdn.com\/kf\/Se862e29e73a243efae7a1aff9964f739X.png\"><img decoding=\"async\" class=\"detail-desc-decorate-image\" style=\"font-size: 16px;color: #707070\" src=\"https:\/\/ae01.alicdn.com\/kf\/Sfec9ce63d8d2465282e4252d4ba758850.png\"><img decoding=\"async\" class=\"detail-desc-decorate-image\" style=\"font-size: 16px;color: #707070\" src=\"https:\/\/ae01.alicdn.com\/kf\/S718387a137924cab847716604f37f284S.png\"><img decoding=\"async\" class=\"detail-desc-decorate-image\" style=\"font-size: 16px;color: #707070\" src=\"https:\/\/ae01.alicdn.com\/kf\/S8802f33f666740238935a218e8ea3577U.png\"><\/h1>\n<div class=\"detailmodule_image\"><img decoding=\"async\" class=\"detail-desc-decorate-image\" src=\"https:\/\/ae01.alicdn.com\/kf\/Sea411d7d9c7c44859f048f050842f7d8E.jpg\"><img decoding=\"async\" class=\"detail-desc-decorate-image\" src=\"https:\/\/ae01.alicdn.com\/kf\/S09750edf672c4684987031f978a56e674.png\"><img decoding=\"async\" class=\"detail-desc-decorate-image\" src=\"https:\/\/ae01.alicdn.com\/kf\/S45c031c7f2a64c56ba0f80e8c1593c60u.jpg\"><img decoding=\"async\" class=\"detail-desc-decorate-image\" src=\"https:\/\/ae01.alicdn.com\/kf\/S13f8d6659c9e46598353ce63560a77663.png\"><img decoding=\"async\" class=\"detail-desc-decorate-image\" src=\"https:\/\/ae01.alicdn.com\/kf\/S6081a79d00c9466880d8e7ae5c6cc03bC.jpg\"><img decoding=\"async\" class=\"detail-desc-decorate-image\" src=\"https:\/\/ae01.alicdn.com\/kf\/S43505522162748e49194fffd418e8fb4X.jpg\"><img decoding=\"async\" class=\"detail-desc-decorate-image\" src=\"https:\/\/ae01.alicdn.com\/kf\/S7cdcac44da9a453f9f9740c869cd33d7h.jpg\"><\/div>\n<p>&nbsp;<\/p>\n","protected":false},"excerpt":{"rendered":"<p>Odkryj nowy LIGE Smartwatch 2024 &#8211; inteligentnego towarzysza codziennego \u017cycia, sportu i zdrowia.Dzi\u0119ki imponuj\u0105cemu 2,01-calowemu wy\u015bwietlaczowi HD TFT, zintegrowanej lampie b\u0142yskowej LED, asystentowi g\u0142osowemu AI i funkcji telefonu Bluetooth, jeste\u015b zawsze po\u0142\u0105czony &#8211; stylowy i inteligentny. \u2705 Najwa\u017cniejsze funkcje w skr\u00f3cie: \ud83d\udcde Telefonia Bluetooth: odbieranie, odrzucanie i wykonywanie po\u0142\u0105cze\u0144 bezpo\u015brednio na nadgarstku. \ud83c\udfa4 Zintegrowany asystent [&hellip;]<\/p>\n","protected":false},"featured_media":9515,"comment_status":"open","ping_status":"closed","template":"","meta":{"_seopress_robots_primary_cat":"none","_seopress_titles_title":"","_seopress_titles_desc":"","_seopress_robots_index":"","googlesitekit_rrm_CAowz76iDA:productID":""},"product_brand":[],"product_cat":[292],"product_tag":[1824,1807,1815,1806,1812,1813,1826,1805,1818,1810,1817,1821,1819,1820,1811,1814,1825,1808,1823,1822,1816,1809],"class_list":{"0":"post-9788","1":"product","2":"type-product","3":"status-publish","4":"has-post-thumbnail","6":"product_cat-store-packages","7":"product_tag-kupic-smartwatch","8":"product_tag-smartwatch-2024-pl","9":"product_tag-smartwatch-bez-karty-sim","10":"product_tag-smartwatch-damski","11":"product_tag-smartwatch-dla-androida","12":"product_tag-smartwatch-dla-iphonea","13":"product_tag-smartwatch-dla-sportu-i-zdrowia","14":"product_tag-smartwatch-meski","15":"product_tag-smartwatch-wodoodporny","16":"product_tag-smartwatch-z-bluetooth","17":"product_tag-smartwatch-z-czujnikiem-tetna","18":"product_tag-smartwatch-z-duzym-wyswietlaczem","19":"product_tag-smartwatch-z-pomiarem-cisnienia-krwi","20":"product_tag-smartwatch-z-pomiarem-tlenu-we-krwi","21":"product_tag-smartwatch-ze-sterowaniem-glosowym","22":"product_tag-tani-smartwatch","23":"product_tag-zamow-smartwatch-online","24":"product_tag-zegarek-fitness","25":"product_tag-zegarek-sportowy-damski","26":"product_tag-zegarek-sportowy-meski","27":"product_tag-zegarek-z-krokomierzem","28":"product_tag-zegarek-zdrowia","30":"first","31":"instock","32":"sale","33":"purchasable","34":"product-type-variable"},"_links":{"self":[{"href":"https:\/\/linkmarkt.eu\/pl\/wp-json\/wp\/v2\/product\/9788","targetHints":{"allow":["GET"]}}],"collection":[{"href":"https:\/\/linkmarkt.eu\/pl\/wp-json\/wp\/v2\/product"}],"about":[{"href":"https:\/\/linkmarkt.eu\/pl\/wp-json\/wp\/v2\/types\/product"}],"replies":[{"embeddable":true,"href":"https:\/\/linkmarkt.eu\/pl\/wp-json\/wp\/v2\/comments?post=9788"}],"version-history":[{"count":0,"href":"https:\/\/linkmarkt.eu\/pl\/wp-json\/wp\/v2\/product\/9788\/revisions"}],"wp:featuredmedia":[{"embeddable":true,"href":"https:\/\/linkmarkt.eu\/pl\/wp-json\/wp\/v2\/media\/9515"}],"wp:attachment":[{"href":"https:\/\/linkmarkt.eu\/pl\/wp-json\/wp\/v2\/media?parent=9788"}],"wp:term":[{"taxonomy":"product_brand","embeddable":true,"href":"https:\/\/linkmarkt.eu\/pl\/wp-json\/wp\/v2\/product_brand?post=9788"},{"taxonomy":"product_cat","embeddable":true,"href":"https:\/\/linkmarkt.eu\/pl\/wp-json\/wp\/v2\/product_cat?post=9788"},{"taxonomy":"product_tag","embeddable":true,"href":"https:\/\/linkmarkt.eu\/pl\/wp-json\/wp\/v2\/product_tag?post=9788"}],"curies":[{"name":"wp","href":"https:\/\/api.w.org\/{rel}","templated":true}]}}