{"id":9861,"date":"2025-04-27T17:43:11","date_gmt":"2025-04-27T15:43:11","guid":{"rendered":"https:\/\/linkmarkt.eu\/product\/smartwatch-sportowy-qx7-z-gps-i-polaczeniami-wyswietlacz-hd-209-cala-sztuczna-inteligencja-pomiar-tetna-wodoodporny\/"},"modified":"2025-04-27T17:43:11","modified_gmt":"2025-04-27T15:43:11","slug":"smartwatch-sportowy-qx7-z-gps-i-polaczeniami-wyswietlacz-hd-209-cala-sztuczna-inteligencja-pomiar-tetna-wodoodporny","status":"publish","type":"product","link":"https:\/\/linkmarkt.eu\/pl\/product\/smartwatch-sportowy-qx7-z-gps-i-polaczeniami-wyswietlacz-hd-209-cala-sztuczna-inteligencja-pomiar-tetna-wodoodporny\/","title":{"rendered":"Smartwatch sportowy QX7 z GPS i po\u0142\u0105czeniami &#8211; wy\u015bwietlacz HD 2,09 cala, sztuczna inteligencja, pomiar t\u0119tna, wodoodporny"},"content":{"rendered":"<h1>Odkryj now\u0105 generacj\u0119 smartwatchy: QX7 oferuje 2,09-calowy wy\u015bwietlacz, GPS, telefoni\u0119 Bluetooth, ponad 100 tryb\u00f3w sportowych i zintegrowanego asystenta g\u0142osowego. Mierz t\u0119tno, stres, sen i temperatur\u0119 cia\u0142a &#8211; wszystko na nadgarstku. Konstrukcja jest wodoodporna, przyjazna dla sk\u00f3ry i mo\u017cna j\u0105 dostosowa\u0107 za pomoc\u0105 w\u0142asnych zdj\u0119\u0107 jako tarczy zegarka. \u017bywotno\u015b\u0107 baterii do 10 dni czyni go idealnym towarzyszem w codziennym \u017cyciu, pracy i sporcie. W zestawie wysokiej jako\u015bci pude\u0142ko prezentowe i 5-letnia gwarancja!    <\/h1>\n<p><img decoding=\"async\" src=\"https:\/\/ae01.alicdn.com\/kf\/S66a0296d6633431484167e94e7ab8fa9m.jpg\"><img decoding=\"async\" src=\"https:\/\/ae01.alicdn.com\/kf\/S10c1f4f4d0784f47a8e4745c9ab09a07q.jpg\"><img decoding=\"async\" src=\"https:\/\/ae01.alicdn.com\/kf\/Sf25acb92773b41e8a599f850e79dfed8p.jpg\"><img decoding=\"async\" src=\"https:\/\/ae01.alicdn.com\/kf\/S8621439c8c374ba98599667ac3c864d6M.jpg\"><img decoding=\"async\" src=\"https:\/\/ae01.alicdn.com\/kf\/S06ecc25e06c54b099cce18705d6292dfa.jpg\"><img decoding=\"async\" src=\"https:\/\/ae01.alicdn.com\/kf\/S6e732e266e5c41d3b991e16e7b6dd8d0X.jpg\"><img decoding=\"async\" src=\"https:\/\/ae01.alicdn.com\/kf\/Sb0968667ca984d0c9b66145f0733c1beR.jpg\"><img decoding=\"async\" src=\"https:\/\/ae01.alicdn.com\/kf\/S1a2b3726a3e3475b9d793c2bb1750cfag.jpg\"><img decoding=\"async\" src=\"https:\/\/ae01.alicdn.com\/kf\/Scf77dd1911f8414e93b31490b30890beY.jpg\"><img decoding=\"async\" src=\"https:\/\/ae01.alicdn.com\/kf\/S4701d28815bb4a10aa5669caf83ec5059.jpg\"><img decoding=\"async\" src=\"https:\/\/ae01.alicdn.com\/kf\/S48b5bb2cd879456394a9a4e03b2f02740.jpg\"><img decoding=\"async\" src=\"https:\/\/ae01.alicdn.com\/kf\/Sc9399eca592e48e796d5e1268f200456x.jpg\"><img decoding=\"async\" src=\"https:\/\/ae01.alicdn.com\/kf\/S11e5d7259bc5454086540f88d3269a67K.jpg\"><img decoding=\"async\" src=\"https:\/\/ae01.alicdn.com\/kf\/Se39938648f5642e59e4f23bea87a5f71b.jpg\"><img decoding=\"async\" src=\"https:\/\/ae01.alicdn.com\/kf\/S48210820400b4323af932cf69c334f39c.jpg\"><img decoding=\"async\" src=\"https:\/\/ae01.alicdn.com\/kf\/S97f83bb807454ca097b0c5569a6db4c6M.jpg\"><img decoding=\"async\" src=\"https:\/\/ae01.alicdn.com\/kf\/S5334e5b7ab4c4eb69ed0705e7bdc8fbfX.jpg\"><img decoding=\"async\" src=\"https:\/\/ae01.alicdn.com\/kf\/S916e75bdeff942a88933d3ddc6311ed49.jpg\"><img decoding=\"async\" src=\"https:\/\/ae01.alicdn.com\/kf\/Se8c0d8dd54514c82ae4d20a96c6a0a2dW.jpg\"><\/p>\n","protected":false},"excerpt":{"rendered":"<p>Odkryj now\u0105 generacj\u0119 smartwatchy: QX7 oferuje 2,09-calowy wy\u015bwietlacz, GPS, telefoni\u0119 Bluetooth, ponad 100 tryb\u00f3w sportowych i zintegrowanego asystenta g\u0142osowego. Mierz t\u0119tno, stres, sen i temperatur\u0119 cia\u0142a &#8211; wszystko na nadgarstku. Konstrukcja jest wodoodporna, przyjazna dla sk\u00f3ry i mo\u017cna j\u0105 dostosowa\u0107 za pomoc\u0105 w\u0142asnych zdj\u0119\u0107 jako tarczy zegarka. \u017bywotno\u015b\u0107 baterii do 10 dni czyni go idealnym [&hellip;]<\/p>\n","protected":false},"featured_media":9433,"comment_status":"open","ping_status":"closed","template":"","meta":{"_seopress_robots_primary_cat":"none","_seopress_titles_title":"Smartwatch QX7 z GPS i Bluetooth | 2,09-calowy wy\u015bwietlacz, AI, HRM","_seopress_titles_desc":"Zegarek sportowy QX7 z GPS, po\u0142\u0105czeniami Bluetooth, wy\u015bwietlaczem HD 2,09 cala i ponad 100 trybami sportowymi. Wodoodporny, z asystentem g\u0142osowym i 5-letni\u0105 gwarancj\u0105. Odkryj go ju\u017c teraz!  ","_seopress_robots_index":"","googlesitekit_rrm_CAowz76iDA:productID":""},"product_brand":[],"product_cat":[905],"product_tag":[],"class_list":{"0":"post-9861","1":"product","2":"type-product","3":"status-publish","4":"has-post-thumbnail","6":"product_cat-bez-kategorii","8":"first","9":"instock","10":"sale","11":"taxable","12":"shipping-taxable","13":"purchasable","14":"product-type-variable"},"_links":{"self":[{"href":"https:\/\/linkmarkt.eu\/pl\/wp-json\/wp\/v2\/product\/9861","targetHints":{"allow":["GET"]}}],"collection":[{"href":"https:\/\/linkmarkt.eu\/pl\/wp-json\/wp\/v2\/product"}],"about":[{"href":"https:\/\/linkmarkt.eu\/pl\/wp-json\/wp\/v2\/types\/product"}],"replies":[{"embeddable":true,"href":"https:\/\/linkmarkt.eu\/pl\/wp-json\/wp\/v2\/comments?post=9861"}],"version-history":[{"count":0,"href":"https:\/\/linkmarkt.eu\/pl\/wp-json\/wp\/v2\/product\/9861\/revisions"}],"wp:featuredmedia":[{"embeddable":true,"href":"https:\/\/linkmarkt.eu\/pl\/wp-json\/wp\/v2\/media\/9433"}],"wp:attachment":[{"href":"https:\/\/linkmarkt.eu\/pl\/wp-json\/wp\/v2\/media?parent=9861"}],"wp:term":[{"taxonomy":"product_brand","embeddable":true,"href":"https:\/\/linkmarkt.eu\/pl\/wp-json\/wp\/v2\/product_brand?post=9861"},{"taxonomy":"product_cat","embeddable":true,"href":"https:\/\/linkmarkt.eu\/pl\/wp-json\/wp\/v2\/product_cat?post=9861"},{"taxonomy":"product_tag","embeddable":true,"href":"https:\/\/linkmarkt.eu\/pl\/wp-json\/wp\/v2\/product_tag?post=9861"}],"curies":[{"name":"wp","href":"https:\/\/api.w.org\/{rel}","templated":true}]}}