{"id":9892,"date":"2025-04-27T17:28:28","date_gmt":"2025-04-27T15:28:28","guid":{"rendered":"https:\/\/linkmarkt.eu\/product\/6-czesciowy-zestaw-do-pielegnacji-twarzy-snail-collagen-nawilzajaca-pielegnacja-przeciwstarzeniowa-z-ekstraktem-ze-sluzu-slimaka\/"},"modified":"2025-04-27T17:28:28","modified_gmt":"2025-04-27T15:28:28","slug":"6-czesciowy-zestaw-do-pielegnacji-twarzy-snail-collagen-nawilzajaca-pielegnacja-przeciwstarzeniowa-z-ekstraktem-ze-sluzu-slimaka","status":"publish","type":"product","link":"https:\/\/linkmarkt.eu\/pl\/product\/6-czesciowy-zestaw-do-pielegnacji-twarzy-snail-collagen-nawilzajaca-pielegnacja-przeciwstarzeniowa-z-ekstraktem-ze-sluzu-slimaka\/","title":{"rendered":"6-cz\u0119\u015bciowy zestaw do piel\u0119gnacji twarzy Snail Collagen &#8211; nawil\u017caj\u0105ca piel\u0119gnacja przeciwstarzeniowa z ekstraktem ze \u015bluzu \u015blimaka."},"content":{"rendered":"<p class=\"\" data-start=\"245\" data-end=\"593\">Odkryj moc natury dzi\u0119ki naszemu <strong data-start=\"291\" data-end=\"339\">6-cz\u0119\u015bciowemu zestawowi do piel\u0119gnacji twarzy Snail Collagen<\/strong> &#8211; idealnemu kompleksowemu systemowi piel\u0119gnacji sk\u00f3ry dla promiennej, m\u0142odzie\u0144czo wygl\u0105daj\u0105cej sk\u00f3ry. Ten luksusowy zestaw piel\u0119gnacyjny zawiera najwy\u017cszej jako\u015bci esencj\u0119 ze \u015bluzu \u015blimaka, znan\u0105 ze swoich w\u0142a\u015bciwo\u015bci regeneruj\u0105cych, nawil\u017caj\u0105cych i \u0142agodz\u0105cych. <\/p>\n<p class=\"\" data-start=\"595\" data-end=\"819\">\ud83c\udf3f <strong data-start=\"598\" data-end=\"619\">Dlaczego ten zestaw?<\/strong><br data-start=\"619\" data-end=\"622\">Zestaw Snail Collagen \u0142\u0105czy w sobie sze\u015b\u0107 zharmonizowanych produkt\u00f3w do holistycznej piel\u0119gnacji twarzy. Idealny dla sk\u00f3ry suchej, zm\u0119czonej lub wymagaj\u0105cej &#8211; odpowiedni dla wszystkich rodzaj\u00f3w sk\u00f3ry. <\/p>\n<p class=\"\" data-start=\"821\" data-end=\"1427\"><strong data-start=\"821\" data-end=\"842\">W zestawie:<\/strong><br data-start=\"842\" data-end=\"845\">\u2705 <strong data-start=\"847\" data-end=\"874\">Pianka oczyszczaj\u0105ca (100g)<\/strong> &#8211; Dok\u0142adnie usuwa zanieczyszczenia i nadmiar sebum, nie wysuszaj\u0105c sk\u00f3ry.<br data-start=\"955\" data-end=\"958\">\u2705 <strong data-start=\"960\" data-end=\"1001\">Nawil\u017caj\u0105cy tonik (130ml<\/strong> ) &#8211; Optymalnie przygotowuje sk\u00f3r\u0119 do dalszej piel\u0119gnacji i nadaje jej now\u0105 \u015bwie\u017co\u015b\u0107.<br data-start=\"1087\" data-end=\"1090\">\u2705 <strong data-start=\"1092\" data-end=\"1122\">Balsam \u0142agodz\u0105cy (100ml<\/strong> ) &#8211; Intensywnie nawil\u017ca i wspomaga elastyczno\u015b\u0107 sk\u00f3ry.<br data-start=\"1192\" data-end=\"1195\">\u2705 <strong data-start=\"1197\" data-end=\"1220\">Krem do twarzy (50g<\/strong> ) &#8211; regeneruj\u0105ca piel\u0119gnacja o dzia\u0142aniu przeciwstarzeniowym.<br data-start=\"1267\" data-end=\"1270\">\u2705 <strong data-start=\"1272\" data-end=\"1292\">Krem<\/strong> pod <strong data-start=\"1272\" data-end=\"1292\">oczy (20 g<\/strong> ) &#8211; redukuje drobne zmarszczki i cienie pod oczami.<br data-start=\"1338\" data-end=\"1341\">\u2705 <strong data-start=\"1343\" data-end=\"1361\">Krem BB (40 g)<\/strong> &#8211; wyr\u00f3wnuje koloryt cery i zapewnia efekt nawil\u017cenia.<\/p>\n<p class=\"\" data-start=\"1429\" data-end=\"1463\">\ud83d\udca7 <strong data-start=\"1432\" data-end=\"1461\">Zalety w skr\u00f3cie:<\/strong><\/p>\n<ul data-start=\"1464\" data-end=\"1722\">\n<li class=\"\" data-start=\"1464\" data-end=\"1522\">\n<p class=\"\" data-start=\"1466\" data-end=\"1522\">Z ekstraktem ze \u015bluzu \u015blimaka dla maksymalnego nawil\u017cenia<\/p>\n<\/li>\n<li class=\"\" data-start=\"1523\" data-end=\"1561\">\n<p class=\"\" data-start=\"1525\" data-end=\"1561\">Wzmacnia naturaln\u0105 barier\u0119 ochronn\u0105 sk\u00f3ry<\/p>\n<\/li>\n<li class=\"\" data-start=\"1562\" data-end=\"1617\">\n<p class=\"\" data-start=\"1564\" data-end=\"1617\">Wspomaga odnow\u0119 kom\u00f3rkow\u0105 i wyg\u0142adza drobne zmarszczki<\/p>\n<\/li>\n<li class=\"\" data-start=\"1618\" data-end=\"1669\">\n<p class=\"\" data-start=\"1620\" data-end=\"1669\">Delikatny dla sk\u00f3ry &#8211; bez szkodliwych sk\u0142adnik\u00f3w<\/p>\n<\/li>\n<li class=\"\" data-start=\"1670\" data-end=\"1722\">\n<p class=\"\" data-start=\"1672\" data-end=\"1722\">Idealny na prezent lub do codziennej piel\u0119gnacji<\/p>\n<\/li>\n<\/ul>\n<p class=\"\" data-start=\"1724\" data-end=\"1776\">\ud83d\udcc5 <strong data-start=\"1727\" data-end=\"1743\">Okres trwa\u0142o\u015bci:<\/strong> 3 lata<br data-start=\"1751\" data-end=\"1754\">\ud83c\udf0d <strong data-start=\"1757\" data-end=\"1770\">Pochodzenie:<\/strong> Chiny<\/p>\n<p class=\"\" data-start=\"1778\" data-end=\"1926\">Rozpieszczaj swoj\u0105 sk\u00f3r\u0119 ka\u017cdego dnia dzi\u0119ki profesjonalnej piel\u0119gnacji i widocznym rezultatom &#8211; <strong data-start=\"1868\" data-end=\"1926\">dla g\u0142adkiej, promiennej cery, kt\u00f3ra inspiruje<\/strong>.<\/p>\n<div class=\"detailmodule_html\">\n<div class=\"detail-desc-decorate-richtext\">\n<p><img decoding=\"async\" style=\"width: 790px;\" src=\"https:\/\/ae01.alicdn.com\/kf\/S847edb144f2c4896862f09aae1043905f.jpg\" width=\"790px\" data-src=\"https:\/\/ae01.alicdn.com\/kf\/S847edb144f2c4896862f09aae1043905f.jpg\"><\/p>\n<p><img decoding=\"async\" style=\"width: 790px;\" src=\"https:\/\/ae01.alicdn.com\/kf\/Se39be461ea684b44be5246acc9f1df2bV.jpg\" width=\"790px\" data-src=\"https:\/\/ae01.alicdn.com\/kf\/Se39be461ea684b44be5246acc9f1df2bV.jpg\"><\/p>\n<p><img decoding=\"async\" style=\"width: 790px;\" src=\"https:\/\/ae01.alicdn.com\/kf\/S69820e7780174721be5313cf66536b427.jpg\" width=\"790px\" data-src=\"https:\/\/ae01.alicdn.com\/kf\/S69820e7780174721be5313cf66536b427.jpg\"><\/p>\n<p><img decoding=\"async\" style=\"width: 790px;\" src=\"https:\/\/ae01.alicdn.com\/kf\/S6e67949bbdd44d1cb1051d7fb71712d8a.jpg\" width=\"790px\" data-src=\"https:\/\/ae01.alicdn.com\/kf\/S6e67949bbdd44d1cb1051d7fb71712d8a.jpg\"><\/p>\n<p><img decoding=\"async\" style=\"width: 790px;\" src=\"https:\/\/ae01.alicdn.com\/kf\/Sc209309640af4e97951bfa6f7f4a22250.jpg\" width=\"790px\" data-src=\"https:\/\/ae01.alicdn.com\/kf\/Sc209309640af4e97951bfa6f7f4a22250.jpg\"><\/p>\n<p><img decoding=\"async\" style=\"width: 790px;\" src=\"https:\/\/ae01.alicdn.com\/kf\/S034b6c4178d54b64b7f8bbc64e10d9d0b.jpg\" width=\"790px\" data-src=\"https:\/\/ae01.alicdn.com\/kf\/S034b6c4178d54b64b7f8bbc64e10d9d0b.jpg\"><\/p>\n<p><img decoding=\"async\" style=\"width: 790px;\" src=\"https:\/\/ae01.alicdn.com\/kf\/S2536c51959024191a2c29044e29c0019M.jpg\" width=\"790px\" data-src=\"https:\/\/ae01.alicdn.com\/kf\/S2536c51959024191a2c29044e29c0019M.jpg\"><\/p>\n<p><img decoding=\"async\" style=\"width: 790px;\" src=\"https:\/\/ae01.alicdn.com\/kf\/S912def26428948ad8c0bae6655768c15D.jpg\" width=\"790px\" data-src=\"https:\/\/ae01.alicdn.com\/kf\/S912def26428948ad8c0bae6655768c15D.jpg\"><\/p>\n<p><img decoding=\"async\" style=\"width: 790px;\" src=\"https:\/\/ae01.alicdn.com\/kf\/Sfe2eb9cc9de8431da37c65b1f671ff30N.jpg\" width=\"790px\" data-src=\"https:\/\/ae01.alicdn.com\/kf\/Sfe2eb9cc9de8431da37c65b1f671ff30N.jpg\"><\/p>\n<p><img decoding=\"async\" style=\"width: 790px;\" src=\"https:\/\/ae01.alicdn.com\/kf\/Sc1a53133abbf49cf9f0392becd66f7c8t.jpg\" width=\"790px\" data-src=\"https:\/\/ae01.alicdn.com\/kf\/Sc1a53133abbf49cf9f0392becd66f7c8t.jpg\"><\/p>\n<p><img decoding=\"async\" style=\"width: 790px;\" src=\"https:\/\/ae01.alicdn.com\/kf\/Sef86c8c6d8db4aa0aab99d7d108423007.jpg\" width=\"790px\" data-src=\"https:\/\/ae01.alicdn.com\/kf\/Sef86c8c6d8db4aa0aab99d7d108423007.jpg\"><\/p>\n<p><img decoding=\"async\" style=\"width: 790px;\" src=\"https:\/\/ae01.alicdn.com\/kf\/Sf8e2ebeffa884764bfac6bb673f9aab8b.jpg\" width=\"790px\" data-src=\"https:\/\/ae01.alicdn.com\/kf\/Sf8e2ebeffa884764bfac6bb673f9aab8b.jpg\"><\/p>\n<p><img decoding=\"async\" style=\"width: 790px;\" src=\"https:\/\/ae01.alicdn.com\/kf\/S73c52cc71a4c42d0bb305d0d5fee9e9dX.jpg\" width=\"790px\" data-src=\"https:\/\/ae01.alicdn.com\/kf\/S73c52cc71a4c42d0bb305d0d5fee9e9dX.jpg\"><\/p>\n<div><\/div>\n<p>&nbsp;<\/p>\n<\/div>\n<\/div>\n","protected":false},"excerpt":{"rendered":"<p>Odkryj moc natury dzi\u0119ki naszemu 6-cz\u0119\u015bciowemu zestawowi do piel\u0119gnacji twarzy Snail Collagen &#8211; idealnemu kompleksowemu systemowi piel\u0119gnacji sk\u00f3ry dla promiennej, m\u0142odzie\u0144czo wygl\u0105daj\u0105cej sk\u00f3ry. Ten luksusowy zestaw piel\u0119gnacyjny zawiera najwy\u017cszej jako\u015bci esencj\u0119 ze \u015bluzu \u015blimaka, znan\u0105 ze swoich w\u0142a\u015bciwo\u015bci regeneruj\u0105cych, nawil\u017caj\u0105cych i \u0142agodz\u0105cych. \ud83c\udf3f Dlaczego ten zestaw?Zestaw Snail Collagen \u0142\u0105czy w sobie sze\u015b\u0107 zharmonizowanych produkt\u00f3w do [&hellip;]<\/p>\n","protected":false},"featured_media":9417,"comment_status":"open","ping_status":"closed","template":"","meta":{"_seopress_robots_primary_cat":"none","_seopress_titles_title":"Snail Collagen: Nawil\u017caj\u0105cy zestaw do piel\u0119gnacji twarzy","_seopress_titles_desc":"Odkryj nasz 6-cz\u0119\u015bciowy zestaw do piel\u0119gnacji twarzy Snail Collagen dla m\u0142odzie\u0144czej, promiennej sk\u00f3ry. Luksusowa piel\u0119gnacja ze \u015bluzem \u015blimaka dla maksymalnego nawil\u017cenia. ","_seopress_robots_index":"","googlesitekit_rrm_CAowz76iDA:productID":""},"product_brand":[],"product_cat":[1088],"product_tag":[],"class_list":{"0":"post-9892","1":"product","2":"type-product","3":"status-publish","4":"has-post-thumbnail","6":"product_cat-kosmetyk","8":"first","9":"instock","10":"sale","11":"taxable","12":"shipping-taxable","13":"purchasable","14":"product-type-simple"},"_links":{"self":[{"href":"https:\/\/linkmarkt.eu\/pl\/wp-json\/wp\/v2\/product\/9892","targetHints":{"allow":["GET"]}}],"collection":[{"href":"https:\/\/linkmarkt.eu\/pl\/wp-json\/wp\/v2\/product"}],"about":[{"href":"https:\/\/linkmarkt.eu\/pl\/wp-json\/wp\/v2\/types\/product"}],"replies":[{"embeddable":true,"href":"https:\/\/linkmarkt.eu\/pl\/wp-json\/wp\/v2\/comments?post=9892"}],"version-history":[{"count":0,"href":"https:\/\/linkmarkt.eu\/pl\/wp-json\/wp\/v2\/product\/9892\/revisions"}],"wp:featuredmedia":[{"embeddable":true,"href":"https:\/\/linkmarkt.eu\/pl\/wp-json\/wp\/v2\/media\/9417"}],"wp:attachment":[{"href":"https:\/\/linkmarkt.eu\/pl\/wp-json\/wp\/v2\/media?parent=9892"}],"wp:term":[{"taxonomy":"product_brand","embeddable":true,"href":"https:\/\/linkmarkt.eu\/pl\/wp-json\/wp\/v2\/product_brand?post=9892"},{"taxonomy":"product_cat","embeddable":true,"href":"https:\/\/linkmarkt.eu\/pl\/wp-json\/wp\/v2\/product_cat?post=9892"},{"taxonomy":"product_tag","embeddable":true,"href":"https:\/\/linkmarkt.eu\/pl\/wp-json\/wp\/v2\/product_tag?post=9892"}],"curies":[{"name":"wp","href":"https:\/\/api.w.org\/{rel}","templated":true}]}}