{"id":9898,"date":"2025-04-27T17:18:48","date_gmt":"2025-04-27T15:18:48","guid":{"rendered":"https:\/\/linkmarkt.eu\/product\/6-czesciowy-zestaw-do-pielegnacji-twarzy-bioaoua-z-esencja-z-ryzu-i-winogron-nawilzajaca-pielegnacja-przeciwstarzeniowa-z-serum-tonikiem-i-kremem\/"},"modified":"2025-04-27T17:18:48","modified_gmt":"2025-04-27T15:18:48","slug":"6-czesciowy-zestaw-do-pielegnacji-twarzy-bioaoua-z-esencja-z-ryzu-i-winogron-nawilzajaca-pielegnacja-przeciwstarzeniowa-z-serum-tonikiem-i-kremem","status":"publish","type":"product","link":"https:\/\/linkmarkt.eu\/pl\/product\/6-czesciowy-zestaw-do-pielegnacji-twarzy-bioaoua-z-esencja-z-ryzu-i-winogron-nawilzajaca-pielegnacja-przeciwstarzeniowa-z-serum-tonikiem-i-kremem\/","title":{"rendered":"6-cz\u0119\u015bciowy zestaw do piel\u0119gnacji twarzy BIOAOUA z esencj\u0105 z ry\u017cu i winogron &#8211; nawil\u017caj\u0105ca piel\u0119gnacja przeciwstarzeniowa z serum, tonikiem i kremem."},"content":{"rendered":"<p class=\"\" data-start=\"380\" data-end=\"728\">Podaruj swojej sk\u00f3rze naturalny blask dzi\u0119ki zestawowi <strong data-start=\"436\" data-end=\"480\">do piel\u0119gnacji twarzy BIOAOUA Rice &amp; Grape<\/strong> &#8211; zr\u00f3wnowa\u017conemu po\u0142\u0105czeniu ekstrakt\u00f3w ro\u015blinnych i wysoce skutecznego kremu nawil\u017caj\u0105cego. Zestaw zosta\u0142 specjalnie opracowany, aby intensywnie nawil\u017ca\u0107 sk\u00f3r\u0119, zmniejsza\u0107 pory i widocznie redukowa\u0107 oznaki starzenia. <\/p>\n<p class=\"\" data-start=\"730\" data-end=\"947\">\ud83c\udf3e <strong data-start=\"733\" data-end=\"780\">Moc natury &#8211; w 6 krokach piel\u0119gnacji:<\/strong><br data-start=\"780\" data-end=\"783\">Ten zestaw \u0142\u0105czy wysokiej jako\u015bci sk\u0142adniki, takie jak ekstrakt z ry\u017cu, granatu i esencja z winogron &#8211; znane ze swoich w\u0142a\u015bciwo\u015bci przeciwutleniaj\u0105cych i \u0142agodz\u0105cych sk\u00f3r\u0119.<\/p>\n<p class=\"\" data-start=\"949\" data-end=\"1413\"><strong data-start=\"949\" data-end=\"970\">W zestawie:<\/strong><br data-start=\"970\" data-end=\"973\">\u2705 <strong data-start=\"975\" data-end=\"1005\">Ry\u017cowe Serum Hialuronowe (15ml)<\/strong> &#8211; Czyste nawil\u017cenie o dzia\u0142aniu przeciwstarzeniowym.<br data-start=\"1047\" data-end=\"1050\">\u2705 <strong data-start=\"1052\" data-end=\"1077\">Emulsja ry\u017cowa (120ml<\/strong> ) &#8211; lekka piel\u0119gnacja, kt\u00f3ra wnika g\u0142\u0119boko w sk\u00f3r\u0119.<br data-start=\"1126\" data-end=\"1129\">\u2705 <strong data-start=\"1131\" data-end=\"1159\">Ry\u017cowy krem do twarzy (50g<\/strong> ) &#8211; od\u017cywia i chroni przed wysuszeniem.<br data-start=\"1196\" data-end=\"1199\">\u2705 <strong data-start=\"1201\" data-end=\"1223\">Tonik ry\u017cowy (120ml<\/strong> ) &#8211; oczyszcza pory i przygotowuje sk\u00f3r\u0119 do piel\u0119gnacji.<br data-start=\"1280\" data-end=\"1283\">\u2705 <strong data-start=\"1285\" data-end=\"1311\">Krem oczyszczaj\u0105cy (100g<\/strong> ) &#8211; g\u0142\u0119bokie oczyszczanie z delikatn\u0105 formu\u0142\u0105.<br data-start=\"1349\" data-end=\"1352\">\u2705 <strong data-start=\"1354\" data-end=\"1374\">Krem pod oczy (20 g)<\/strong> &#8211; zmniejsza opuchlizn\u0119 i drobne zmarszczki.<\/p>\n<p class=\"\" data-start=\"1415\" data-end=\"1448\">\u2728 <strong data-start=\"1417\" data-end=\"1446\">Zalety w skr\u00f3cie:<\/strong><\/p>\n<ul data-start=\"1449\" data-end=\"1696\">\n<li class=\"\" data-start=\"1449\" data-end=\"1501\">\n<p class=\"\" data-start=\"1451\" data-end=\"1501\">Zapewnia intensywne nawil\u017cenie dzi\u0119ki zawarto\u015bci kwasu hialuronowego<\/p>\n<\/li>\n<li class=\"\" data-start=\"1502\" data-end=\"1554\">\n<p class=\"\" data-start=\"1504\" data-end=\"1554\">Oczyszcza pory i poprawia tekstur\u0119 sk\u00f3ry<\/p>\n<\/li>\n<li class=\"\" data-start=\"1555\" data-end=\"1616\">\n<p class=\"\" data-start=\"1557\" data-end=\"1616\">Chroni przed wp\u0142ywem \u015brodowiska i przedwczesnym starzeniem si\u0119 sk\u00f3ry<\/p>\n<\/li>\n<li class=\"\" data-start=\"1617\" data-end=\"1661\">\n<p class=\"\" data-start=\"1619\" data-end=\"1661\">Idealny dla sk\u00f3ry suchej i wra\u017cliwej<\/p>\n<\/li>\n<li class=\"\" data-start=\"1662\" data-end=\"1696\">\n<p class=\"\" data-start=\"1664\" data-end=\"1696\">Nie zawiera agresywnych substancji chemicznych<\/p>\n<\/li>\n<\/ul>\n<p class=\"\" data-start=\"1698\" data-end=\"1793\">\ud83d\udcc5 <strong data-start=\"1701\" data-end=\"1717\">Okres trwa\u0142o\u015bci:<\/strong> 3 lata<br data-start=\"1725\" data-end=\"1728\">\ud83c\udf0d <strong data-start=\"1731\" data-end=\"1744\">Pochodzenie:<\/strong> Chiny<br data-start=\"1750\" data-end=\"1753\">\ud83d\udc69 <strong data-start=\"1756\" data-end=\"1773\">Odpowiedni dla:<\/strong> Kobiety w ka\u017cdym wieku<\/p>\n<p class=\"\" data-start=\"1795\" data-end=\"1912\">Zafunduj sobie profesjonalny rytua\u0142 piel\u0119gnacyjny &#8211; dla elastycznej, \u015bwie\u017cej i m\u0142odzie\u0144czej sk\u00f3ry &#8211; dzie\u0144 po dniu.<\/p>\n<div class=\"detailmodule_html\">\n<div class=\"detail-desc-decorate-richtext\">\n<div class=\"detailmodule_html\">\n<div class=\"detail-desc-decorate-richtext\">\n<div id=\"offer-template-0\">\n<p><img decoding=\"async\" src=\"https:\/\/ae01.alicdn.com\/kf\/Sc2bed3a8613541779d8493a60d878020l.jpg?width=790&amp;height=4515&amp;hash=5305\"><br \/>\n<img decoding=\"async\" src=\"https:\/\/ae01.alicdn.com\/kf\/Sc13d494bba444bf7a1d066114a10d5e7T.jpg?width=790&amp;height=4515&amp;hash=5305\"><br \/>\n<img decoding=\"async\" src=\"https:\/\/ae01.alicdn.com\/kf\/S3103996f5d73473bbd1afe986b18e39a6.jpg?width=790&amp;height=4515&amp;hash=5305\"><br \/>\n<img decoding=\"async\" src=\"https:\/\/ae01.alicdn.com\/kf\/S52ccb9d132f043bcbfca9be83a507d129.jpg?width=790&amp;height=4515&amp;hash=5305\"><\/p>\n<\/div>\n<\/div>\n<\/div>\n<p>&nbsp;<\/p>\n<\/div>\n<\/div>\n","protected":false},"excerpt":{"rendered":"<p>Podaruj swojej sk\u00f3rze naturalny blask dzi\u0119ki zestawowi do piel\u0119gnacji twarzy BIOAOUA Rice &amp; Grape &#8211; zr\u00f3wnowa\u017conemu po\u0142\u0105czeniu ekstrakt\u00f3w ro\u015blinnych i wysoce skutecznego kremu nawil\u017caj\u0105cego. Zestaw zosta\u0142 specjalnie opracowany, aby intensywnie nawil\u017ca\u0107 sk\u00f3r\u0119, zmniejsza\u0107 pory i widocznie redukowa\u0107 oznaki starzenia. \ud83c\udf3e Moc natury &#8211; w 6 krokach piel\u0119gnacji:Ten zestaw \u0142\u0105czy wysokiej jako\u015bci sk\u0142adniki, takie jak ekstrakt [&hellip;]<\/p>\n","protected":false},"featured_media":9373,"comment_status":"open","ping_status":"closed","template":"","meta":{"_seopress_robots_primary_cat":"none","_seopress_titles_title":"Promienna sk\u00f3ra z zestawem ry\u017cowo-winogronowym BIOAOUA","_seopress_titles_desc":"Odkryj zestaw do piel\u0119gnacji twarzy BIOAOUA z ry\u017cem i winogronami: intensywne nawil\u017cenie, oczyszczone pory i ochrona przed starzeniem si\u0119 sk\u00f3ry w 6 krokach.","_seopress_robots_index":"","googlesitekit_rrm_CAowz76iDA:productID":""},"product_brand":[],"product_cat":[1088],"product_tag":[],"class_list":{"0":"post-9898","1":"product","2":"type-product","3":"status-publish","4":"has-post-thumbnail","6":"product_cat-kosmetyk","8":"first","9":"instock","10":"sale","11":"taxable","12":"shipping-taxable","13":"purchasable","14":"product-type-variable"},"_links":{"self":[{"href":"https:\/\/linkmarkt.eu\/pl\/wp-json\/wp\/v2\/product\/9898","targetHints":{"allow":["GET"]}}],"collection":[{"href":"https:\/\/linkmarkt.eu\/pl\/wp-json\/wp\/v2\/product"}],"about":[{"href":"https:\/\/linkmarkt.eu\/pl\/wp-json\/wp\/v2\/types\/product"}],"replies":[{"embeddable":true,"href":"https:\/\/linkmarkt.eu\/pl\/wp-json\/wp\/v2\/comments?post=9898"}],"version-history":[{"count":0,"href":"https:\/\/linkmarkt.eu\/pl\/wp-json\/wp\/v2\/product\/9898\/revisions"}],"wp:featuredmedia":[{"embeddable":true,"href":"https:\/\/linkmarkt.eu\/pl\/wp-json\/wp\/v2\/media\/9373"}],"wp:attachment":[{"href":"https:\/\/linkmarkt.eu\/pl\/wp-json\/wp\/v2\/media?parent=9898"}],"wp:term":[{"taxonomy":"product_brand","embeddable":true,"href":"https:\/\/linkmarkt.eu\/pl\/wp-json\/wp\/v2\/product_brand?post=9898"},{"taxonomy":"product_cat","embeddable":true,"href":"https:\/\/linkmarkt.eu\/pl\/wp-json\/wp\/v2\/product_cat?post=9898"},{"taxonomy":"product_tag","embeddable":true,"href":"https:\/\/linkmarkt.eu\/pl\/wp-json\/wp\/v2\/product_tag?post=9898"}],"curies":[{"name":"wp","href":"https:\/\/api.w.org\/{rel}","templated":true}]}}